{"id":1664,"date":"2019-03-11T09:51:07","date_gmt":"2019-03-11T09:51:07","guid":{"rendered":"https:\/\/umates.comda\/?page_id=1664"},"modified":"2022-03-23T11:43:30","modified_gmt":"2022-03-23T11:43:30","slug":"om-umates","status":"publish","type":"page","link":"https:\/\/www.umates.com\/da\/om-umates\/","title":{"rendered":"Om Umates"},"content":{"rendered":"","protected":false},"excerpt":{"rendered":"","protected":false},"author":7,"featured_media":0,"parent":0,"menu_order":0,"comment_status":"closed","ping_status":"closed","template":"","meta":{"_uag_custom_page_level_css":"","footnotes":""},"class_list":["post-1664","page","type-page","status-publish","hentry","entry","no-media"],"yoast_head":"<!-- This site is optimized with the Yoast SEO Premium plugin v23.7 (Yoast SEO v24.3) - https:\/\/yoast.com\/wordpress\/plugins\/seo\/ -->\n<title>Om Umates | Kvalitetstilbeh\u00f8r til B\u00e6rbare PC og EL-biler<\/title>\n<meta name=\"description\" content=\"F\u00e5 oplysninger om, hvem vi er og hvordan du kommer i kontakt med os.\" \/>\n<meta name=\"robots\" content=\"noindex, follow\" \/>\n<meta property=\"og:locale\" content=\"da_DK\" \/>\n<meta property=\"og:type\" content=\"article\" \/>\n<meta property=\"og:title\" content=\"Om Umates\" \/>\n<meta property=\"og:description\" content=\"F\u00e5 oplysninger om, hvem vi er og hvordan du kommer i kontakt med os.\" \/>\n<meta property=\"og:url\" content=\"https:\/\/www.umates.com\/da\/om-umates\/\" \/>\n<meta property=\"og:site_name\" content=\"Kvalitetstilbeh\u00f8r til B\u00e6rbare PC og EL-biler\" \/>\n<meta property=\"article:publisher\" content=\"https:\/\/www.facebook.com\/umates.europe\" \/>\n<meta property=\"article:modified_time\" content=\"2022-03-23T11:43:30+00:00\" \/>\n<meta name=\"twitter:card\" content=\"summary_large_image\" \/>\n<script type=\"application\/ld+json\" class=\"yoast-schema-graph\">{\"@context\":\"https:\/\/schema.org\",\"@graph\":[{\"@type\":\"WebPage\",\"@id\":\"https:\/\/www.umates.com\/da\/om-umates\/\",\"url\":\"https:\/\/www.umates.com\/da\/om-umates\/\",\"name\":\"Om Umates | Kvalitetstilbeh\u00f8r til B\u00e6rbare PC og EL-biler\",\"isPartOf\":{\"@id\":\"https:\/\/www.umates.com\/da\/#website\"},\"datePublished\":\"2019-03-11T09:51:07+00:00\",\"dateModified\":\"2022-03-23T11:43:30+00:00\",\"description\":\"F\u00e5 oplysninger om, hvem vi er og hvordan du kommer i kontakt med os.\",\"inLanguage\":\"da-DK\",\"potentialAction\":[{\"@type\":\"ReadAction\",\"target\":[\"https:\/\/www.umates.com\/da\/om-umates\/\"]}]},{\"@type\":\"WebSite\",\"@id\":\"https:\/\/www.umates.com\/da\/#website\",\"url\":\"https:\/\/www.umates.com\/da\/\",\"name\":\"Kvalitetstilbeh\u00f8r til B\u00e6rbare PC og EV biler\",\"description\":\"K\u00f8b tilbeh\u00f8r til b\u00e6rbar PC og El-biler\",\"publisher\":{\"@id\":\"https:\/\/www.umates.com\/da\/#organization\"},\"potentialAction\":[{\"@type\":\"SearchAction\",\"target\":{\"@type\":\"EntryPoint\",\"urlTemplate\":\"https:\/\/www.umates.com\/da\/?s={search_term_string}\"},\"query-input\":{\"@type\":\"PropertyValueSpecification\",\"valueRequired\":true,\"valueName\":\"search_term_string\"}}],\"inLanguage\":\"da-DK\"},{\"@type\":\"Organization\",\"@id\":\"https:\/\/www.umates.com\/da\/#organization\",\"name\":\"UMATES A\/S\",\"url\":\"https:\/\/www.umates.com\/da\/\",\"logo\":{\"@type\":\"ImageObject\",\"inLanguage\":\"da-DK\",\"@id\":\"https:\/\/www.umates.com\/da\/#\/schema\/logo\/image\/\",\"url\":\"https:\/\/www.umates.com\/wp-content\/uploads\/2019\/02\/umates-email-header.png\",\"contentUrl\":\"https:\/\/www.umates.com\/wp-content\/uploads\/2019\/02\/umates-email-header.png\",\"width\":605,\"height\":80,\"caption\":\"UMATES A\/S\"},\"image\":{\"@id\":\"https:\/\/www.umates.com\/da\/#\/schema\/logo\/image\/\"},\"sameAs\":[\"https:\/\/www.facebook.com\/umates.europe\"]}]}<\/script>\n<!-- \/ Yoast SEO Premium plugin. -->","yoast_head_json":{"title":"Om Umates | Kvalitetstilbeh\u00f8r til B\u00e6rbare PC og EL-biler","description":"F\u00e5 oplysninger om, hvem vi er og hvordan du kommer i kontakt med os.","robots":{"index":"noindex","follow":"follow"},"og_locale":"da_DK","og_type":"article","og_title":"Om Umates","og_description":"F\u00e5 oplysninger om, hvem vi er og hvordan du kommer i kontakt med os.","og_url":"https:\/\/www.umates.com\/da\/om-umates\/","og_site_name":"Kvalitetstilbeh\u00f8r til B\u00e6rbare PC og EL-biler","article_publisher":"https:\/\/www.facebook.com\/umates.europe","article_modified_time":"2022-03-23T11:43:30+00:00","twitter_card":"summary_large_image","schema":{"@context":"https:\/\/schema.org","@graph":[{"@type":"WebPage","@id":"https:\/\/www.umates.com\/da\/om-umates\/","url":"https:\/\/www.umates.com\/da\/om-umates\/","name":"Om Umates | Kvalitetstilbeh\u00f8r til B\u00e6rbare PC og EL-biler","isPartOf":{"@id":"https:\/\/www.umates.com\/da\/#website"},"datePublished":"2019-03-11T09:51:07+00:00","dateModified":"2022-03-23T11:43:30+00:00","description":"F\u00e5 oplysninger om, hvem vi er og hvordan du kommer i kontakt med os.","inLanguage":"da-DK","potentialAction":[{"@type":"ReadAction","target":["https:\/\/www.umates.com\/da\/om-umates\/"]}]},{"@type":"WebSite","@id":"https:\/\/www.umates.com\/da\/#website","url":"https:\/\/www.umates.com\/da\/","name":"Kvalitetstilbeh\u00f8r til B\u00e6rbare PC og EV biler","description":"K\u00f8b tilbeh\u00f8r til b\u00e6rbar PC og El-biler","publisher":{"@id":"https:\/\/www.umates.com\/da\/#organization"},"potentialAction":[{"@type":"SearchAction","target":{"@type":"EntryPoint","urlTemplate":"https:\/\/www.umates.com\/da\/?s={search_term_string}"},"query-input":{"@type":"PropertyValueSpecification","valueRequired":true,"valueName":"search_term_string"}}],"inLanguage":"da-DK"},{"@type":"Organization","@id":"https:\/\/www.umates.com\/da\/#organization","name":"UMATES A\/S","url":"https:\/\/www.umates.com\/da\/","logo":{"@type":"ImageObject","inLanguage":"da-DK","@id":"https:\/\/www.umates.com\/da\/#\/schema\/logo\/image\/","url":"https:\/\/www.umates.com\/wp-content\/uploads\/2019\/02\/umates-email-header.png","contentUrl":"https:\/\/www.umates.com\/wp-content\/uploads\/2019\/02\/umates-email-header.png","width":605,"height":80,"caption":"UMATES A\/S"},"image":{"@id":"https:\/\/www.umates.com\/da\/#\/schema\/logo\/image\/"},"sameAs":["https:\/\/www.facebook.com\/umates.europe"]}]}},"uagb_featured_image_src":{"full":false,"thumbnail":false,"medium":false,"medium_large":false,"large":false,"1536x1536":false,"2048x2048":false,"320w":false,"480w":false,"800w":false,"woocommerce_thumbnail":false,"woocommerce_single":false,"woocommerce_gallery_thumbnail":false,"lightbox":false,"search_results":false,"blog_entry":false,"blog_post":false,"blog_post_full":false,"blog_related":false,"portfolio_entry":false,"portfolio_post":false,"portfolio_related":false,"staff_entry":false,"staff_post":false,"staff_related":false,"testimonials_entry":false,"shop_catalog":false,"shop_single":false,"shop_single_thumbnail":false,"shop_category":false,"shop_cart":false,"gallery":false},"uagb_author_info":{"display_name":"Kim Rasmussen","author_link":"https:\/\/www.umates.com\/da\/author\/kim-rasmussenumates-com\/"},"uagb_comment_info":0,"uagb_excerpt":null,"_links":{"self":[{"href":"https:\/\/www.umates.com\/da\/wp-json\/wp\/v2\/pages\/1664","targetHints":{"allow":["GET"]}}],"collection":[{"href":"https:\/\/www.umates.com\/da\/wp-json\/wp\/v2\/pages"}],"about":[{"href":"https:\/\/www.umates.com\/da\/wp-json\/wp\/v2\/types\/page"}],"author":[{"embeddable":true,"href":"https:\/\/www.umates.com\/da\/wp-json\/wp\/v2\/users\/7"}],"replies":[{"embeddable":true,"href":"https:\/\/www.umates.com\/da\/wp-json\/wp\/v2\/comments?post=1664"}],"version-history":[{"count":1,"href":"https:\/\/www.umates.com\/da\/wp-json\/wp\/v2\/pages\/1664\/revisions"}],"predecessor-version":[{"id":4730,"href":"https:\/\/www.umates.com\/da\/wp-json\/wp\/v2\/pages\/1664\/revisions\/4730"}],"wp:attachment":[{"href":"https:\/\/www.umates.com\/da\/wp-json\/wp\/v2\/media?parent=1664"}],"curies":[{"name":"wp","href":"https:\/\/api.w.org\/{rel}","templated":true}]}}