{"id":1438,"date":"2019-02-22T10:13:20","date_gmt":"2019-02-22T10:13:20","guid":{"rendered":"https:\/\/umates.com?post_type=product&#038;p=1438"},"modified":"2025-03-12T08:31:11","modified_gmt":"2025-03-12T08:31:11","slug":"umates-neophren-sleeve-med-handtag-38x25","status":"publish","type":"product","link":"https:\/\/www.umates.com\/da\/i\/umates-neophren-sleeve-med-handtag-38x25\/","title":{"rendered":"Umates neopren sleeve med h\u00e5ndtag 38&#215;25"},"content":{"rendered":"<p>Umates har udviklet et b\u00e6rbar omslag med h\u00e5ndtag der fungerer som b\u00e6retaske.<\/p>\n<p>Omslaget med navn Umates Neopren Sleeve med h\u00e5ndtag er lavet af neopren og m\u00e5ler 38&#215;25 cm. Neopren materialet har flere fordele, fx. er det slidst\u00e6rkt og vandafvisende og samtidig er det ogs\u00e5 et rimelig tykt materiale, der beskytter computerens kabinet mod ridser, st\u00f8d og sm\u00e5 slag.<\/p>\n<p><img loading=\"lazy\" decoding=\"async\" class=\"size-full wp-image-320 aligncenter\" src=\"http:\/\/www.umates.com\/wp-content\/uploads\/2018\/09\/girl-graphic-icon-laptop-e14400638038281.png\" alt=\"\" width=\"150\" height=\"150\" \/><\/p>\n<p>To sm\u00e5 udvendige lommer yder plads til musen, AC adapter, kabler eller lign.<\/p>\n<p>Produktet leveres med h\u00e5ndtag, s\u00e5 computeren nemmere kan b\u00e6res og passer dermed perfekt til arbejdsbrug eller privatbrug.<\/p>\n<p><strong>Bem\u00e6rk:<br \/>\nFra 500 styk kan Umates producere Sleeve efter m\u00e5l.<\/strong><br \/>\nKontakt os for yderligere information:<br \/>\nTelefon: +45 7022 7005<br \/>\nE-mail: <a href=\"mailto:umates@umates.com\">umates@umates.com<\/a><\/p>\n","protected":false},"excerpt":{"rendered":"<p>Umates Handle Sleeve XL (5-025) er et b\u00e6rbar omslag med h\u00e5ndtag til transport og opbevaring af din b\u00e6rbare pc. To sm\u00e5 forlommer med plads til mus, kabler.<\/p>\n","protected":false},"featured_media":4534,"template":"","meta":{"_uag_custom_page_level_css":""},"product_brand":[],"product_cat":[21],"product_tag":[],"class_list":{"0":"post-1438","1":"product","2":"type-product","3":"status-publish","4":"has-post-thumbnail","6":"product_cat-omslag-sleeves-til-baerbare","7":"pa_dimensions-pc-w38-x-h25-cm","8":"pa_display-size-13-16","9":"pa_gurantee-lifetime-guarantee-on-any-production-and-material-defects","10":"pa_main-compartment-one-with-room-for-the-noteboook","11":"pa_material-description-durable-and-washable-neoprene-easy-to-wipe-off-dirt","12":"pa_materiale-neoprene","13":"pa_outisde-compartments-two-small-front-pockets-for-mouse-cables-or-other-small-things","14":"pa_protection-protects-the-laptops-cabinet-from-scratches","15":"pa_user-friendliness-comfortable-carrying-with-handles-perfect-for-transport-or-storage","16":"pa_weight-350-gram","17":"entry","18":"has-media","20":"first","21":"instock","22":"taxable","23":"shipping-taxable","24":"purchasable","25":"product-type-simple"},"bundled_by":[],"bundle_stock_status":"instock","bundle_stock_quantity":197,"bundle_virtual":false,"bundle_layout":"","bundle_add_to_cart_form_location":"","bundle_editable_in_cart":false,"bundle_sold_individually_context":"","bundle_item_grouping":"","bundle_min_size":"","bundle_max_size":"","bundle_price":[],"bundled_items":[],"bundle_sell_ids":[],"yoast_head":"<!-- This site is optimized with the Yoast SEO Premium plugin v23.7 (Yoast SEO v24.3) - https:\/\/yoast.com\/wordpress\/plugins\/seo\/ -->\n<title>Umates neopren sleeve med h\u00e5ndtag 38x25 | Kvalitetstilbeh\u00f8r til B\u00e6rbare PC og EL-biler<\/title>\n<meta name=\"robots\" content=\"index, follow, max-snippet:-1, max-image-preview:large, max-video-preview:-1\" \/>\n<link rel=\"canonical\" href=\"https:\/\/www.umates.com\/da\/i\/umates-neophren-sleeve-med-handtag-38x25\/\" \/>\n<meta property=\"og:locale\" content=\"da_DK\" \/>\n<meta property=\"og:type\" content=\"article\" \/>\n<meta property=\"og:title\" content=\"Umates neopren sleeve med h\u00e5ndtag 38x25\" \/>\n<meta property=\"og:description\" content=\"Umates Handle Sleeve XL (5-025) er et b\u00e6rbar omslag med h\u00e5ndtag til transport og opbevaring af din b\u00e6rbare pc. To sm\u00e5 forlommer med plads til mus, kabler.\" \/>\n<meta property=\"og:url\" content=\"https:\/\/www.umates.com\/da\/i\/umates-neophren-sleeve-med-handtag-38x25\/\" \/>\n<meta property=\"og:site_name\" content=\"Kvalitetstilbeh\u00f8r til B\u00e6rbare PC og EL-biler\" \/>\n<meta property=\"article:publisher\" content=\"https:\/\/www.facebook.com\/umates.europe\" \/>\n<meta property=\"article:modified_time\" content=\"2025-03-12T08:31:11+00:00\" \/>\n<meta property=\"og:image\" content=\"https:\/\/www.umates.com\/wp-content\/uploads\/2019\/02\/5-025_front.png\" \/>\n\t<meta property=\"og:image:width\" content=\"510\" \/>\n\t<meta property=\"og:image:height\" content=\"397\" \/>\n\t<meta property=\"og:image:type\" content=\"image\/png\" \/>\n<meta name=\"twitter:card\" content=\"summary_large_image\" \/>\n<meta name=\"twitter:label1\" content=\"Pris\" \/>\n\t<meta name=\"twitter:data1\" content=\"kr.&nbsp;169,00 (ekskl. moms)\" \/>\n\t<meta name=\"twitter:label2\" content=\"Tilg\u00e6ngelighed\" \/>\n\t<meta name=\"twitter:data2\" content=\"P\u00e5 lager\" \/>\n<script type=\"application\/ld+json\" class=\"yoast-schema-graph\">{\"@context\":\"https:\/\/schema.org\",\"@graph\":[{\"@type\":\"WebPage\",\"@id\":\"https:\/\/www.umates.com\/da\/i\/umates-neophren-sleeve-med-handtag-38x25\/\",\"url\":\"https:\/\/www.umates.com\/da\/i\/umates-neophren-sleeve-med-handtag-38x25\/\",\"name\":\"Umates neopren sleeve med h\u00e5ndtag 38x25 | Kvalitetstilbeh\u00f8r til B\u00e6rbare PC og EL-biler\",\"isPartOf\":{\"@id\":\"https:\/\/www.umates.com\/da\/#website\"},\"primaryImageOfPage\":{\"@id\":\"https:\/\/www.umates.com\/da\/i\/umates-neophren-sleeve-med-handtag-38x25\/#primaryimage\"},\"image\":{\"@id\":\"https:\/\/www.umates.com\/da\/i\/umates-neophren-sleeve-med-handtag-38x25\/#primaryimage\"},\"thumbnailUrl\":\"https:\/\/www.umates.com\/wp-content\/uploads\/2019\/02\/5-025_front.png\",\"datePublished\":\"2019-02-22T10:13:20+00:00\",\"dateModified\":\"2025-03-12T08:31:11+00:00\",\"breadcrumb\":{\"@id\":\"https:\/\/www.umates.com\/da\/i\/umates-neophren-sleeve-med-handtag-38x25\/#breadcrumb\"},\"inLanguage\":\"da-DK\",\"potentialAction\":[{\"@type\":\"ReadAction\",\"target\":[\"https:\/\/www.umates.com\/da\/i\/umates-neophren-sleeve-med-handtag-38x25\/\"]}]},{\"@type\":\"ImageObject\",\"inLanguage\":\"da-DK\",\"@id\":\"https:\/\/www.umates.com\/da\/i\/umates-neophren-sleeve-med-handtag-38x25\/#primaryimage\",\"url\":\"https:\/\/www.umates.com\/wp-content\/uploads\/2019\/02\/5-025_front.png\",\"contentUrl\":\"https:\/\/www.umates.com\/wp-content\/uploads\/2019\/02\/5-025_front.png\",\"width\":510,\"height\":397,\"caption\":\"Umates 5-025 neoprene pouch\"},{\"@type\":\"BreadcrumbList\",\"@id\":\"https:\/\/www.umates.com\/da\/i\/umates-neophren-sleeve-med-handtag-38x25\/#breadcrumb\",\"itemListElement\":[{\"@type\":\"ListItem\",\"position\":1,\"name\":\"Produkter\",\"item\":\"https:\/\/www.umates.com\/da\/produkter\/\"},{\"@type\":\"ListItem\",\"position\":2,\"name\":\"Umates neopren sleeve med h\u00e5ndtag 38&#215;25\"}]},{\"@type\":\"WebSite\",\"@id\":\"https:\/\/www.umates.com\/da\/#website\",\"url\":\"https:\/\/www.umates.com\/da\/\",\"name\":\"Kvalitetstilbeh\u00f8r til B\u00e6rbare PC og EV biler\",\"description\":\"K\u00f8b tilbeh\u00f8r til b\u00e6rbar PC og El-biler\",\"publisher\":{\"@id\":\"https:\/\/www.umates.com\/da\/#organization\"},\"potentialAction\":[{\"@type\":\"SearchAction\",\"target\":{\"@type\":\"EntryPoint\",\"urlTemplate\":\"https:\/\/www.umates.com\/da\/?s={search_term_string}\"},\"query-input\":{\"@type\":\"PropertyValueSpecification\",\"valueRequired\":true,\"valueName\":\"search_term_string\"}}],\"inLanguage\":\"da-DK\"},{\"@type\":\"Organization\",\"@id\":\"https:\/\/www.umates.com\/da\/#organization\",\"name\":\"UMATES A\/S\",\"url\":\"https:\/\/www.umates.com\/da\/\",\"logo\":{\"@type\":\"ImageObject\",\"inLanguage\":\"da-DK\",\"@id\":\"https:\/\/www.umates.com\/da\/#\/schema\/logo\/image\/\",\"url\":\"https:\/\/www.umates.com\/wp-content\/uploads\/2019\/02\/umates-email-header.png\",\"contentUrl\":\"https:\/\/www.umates.com\/wp-content\/uploads\/2019\/02\/umates-email-header.png\",\"width\":605,\"height\":80,\"caption\":\"UMATES A\/S\"},\"image\":{\"@id\":\"https:\/\/www.umates.com\/da\/#\/schema\/logo\/image\/\"},\"sameAs\":[\"https:\/\/www.facebook.com\/umates.europe\"]}]}<\/script>\n<meta property=\"product:price:amount\" content=\"169.00\" \/>\n<meta property=\"product:price:currency\" content=\"DKK\" \/>\n<meta property=\"og:availability\" content=\"instock\" \/>\n<meta property=\"product:availability\" content=\"instock\" \/>\n<meta property=\"product:retailer_item_id\" content=\"5-025\" \/>\n<meta property=\"product:condition\" content=\"new\" \/>\n<!-- \/ Yoast SEO Premium plugin. -->","yoast_head_json":{"title":"Umates neopren sleeve med h\u00e5ndtag 38x25 | Kvalitetstilbeh\u00f8r til B\u00e6rbare PC og EL-biler","robots":{"index":"index","follow":"follow","max-snippet":"max-snippet:-1","max-image-preview":"max-image-preview:large","max-video-preview":"max-video-preview:-1"},"canonical":"https:\/\/www.umates.com\/da\/i\/umates-neophren-sleeve-med-handtag-38x25\/","og_locale":"da_DK","og_type":"article","og_title":"Umates neopren sleeve med h\u00e5ndtag 38x25","og_description":"Umates Handle Sleeve XL (5-025) er et b\u00e6rbar omslag med h\u00e5ndtag til transport og opbevaring af din b\u00e6rbare pc. To sm\u00e5 forlommer med plads til mus, kabler.","og_url":"https:\/\/www.umates.com\/da\/i\/umates-neophren-sleeve-med-handtag-38x25\/","og_site_name":"Kvalitetstilbeh\u00f8r til B\u00e6rbare PC og EL-biler","article_publisher":"https:\/\/www.facebook.com\/umates.europe","article_modified_time":"2025-03-12T08:31:11+00:00","og_image":[{"width":510,"height":397,"url":"https:\/\/www.umates.com\/wp-content\/uploads\/2019\/02\/5-025_front.png","type":"image\/png"}],"twitter_card":"summary_large_image","twitter_misc":{"Pris":"kr.&nbsp;169,00 (ekskl. moms)","Tilg\u00e6ngelighed":"P\u00e5 lager"},"schema":{"@context":"https:\/\/schema.org","@graph":[{"@type":"WebPage","@id":"https:\/\/www.umates.com\/da\/i\/umates-neophren-sleeve-med-handtag-38x25\/","url":"https:\/\/www.umates.com\/da\/i\/umates-neophren-sleeve-med-handtag-38x25\/","name":"Umates neopren sleeve med h\u00e5ndtag 38x25 | Kvalitetstilbeh\u00f8r til B\u00e6rbare PC og EL-biler","isPartOf":{"@id":"https:\/\/www.umates.com\/da\/#website"},"primaryImageOfPage":{"@id":"https:\/\/www.umates.com\/da\/i\/umates-neophren-sleeve-med-handtag-38x25\/#primaryimage"},"image":{"@id":"https:\/\/www.umates.com\/da\/i\/umates-neophren-sleeve-med-handtag-38x25\/#primaryimage"},"thumbnailUrl":"https:\/\/www.umates.com\/wp-content\/uploads\/2019\/02\/5-025_front.png","datePublished":"2019-02-22T10:13:20+00:00","dateModified":"2025-03-12T08:31:11+00:00","breadcrumb":{"@id":"https:\/\/www.umates.com\/da\/i\/umates-neophren-sleeve-med-handtag-38x25\/#breadcrumb"},"inLanguage":"da-DK","potentialAction":[{"@type":"ReadAction","target":["https:\/\/www.umates.com\/da\/i\/umates-neophren-sleeve-med-handtag-38x25\/"]}]},{"@type":"ImageObject","inLanguage":"da-DK","@id":"https:\/\/www.umates.com\/da\/i\/umates-neophren-sleeve-med-handtag-38x25\/#primaryimage","url":"https:\/\/www.umates.com\/wp-content\/uploads\/2019\/02\/5-025_front.png","contentUrl":"https:\/\/www.umates.com\/wp-content\/uploads\/2019\/02\/5-025_front.png","width":510,"height":397,"caption":"Umates 5-025 neoprene pouch"},{"@type":"BreadcrumbList","@id":"https:\/\/www.umates.com\/da\/i\/umates-neophren-sleeve-med-handtag-38x25\/#breadcrumb","itemListElement":[{"@type":"ListItem","position":1,"name":"Produkter","item":"https:\/\/www.umates.com\/da\/produkter\/"},{"@type":"ListItem","position":2,"name":"Umates neopren sleeve med h\u00e5ndtag 38&#215;25"}]},{"@type":"WebSite","@id":"https:\/\/www.umates.com\/da\/#website","url":"https:\/\/www.umates.com\/da\/","name":"Kvalitetstilbeh\u00f8r til B\u00e6rbare PC og EV biler","description":"K\u00f8b tilbeh\u00f8r til b\u00e6rbar PC og El-biler","publisher":{"@id":"https:\/\/www.umates.com\/da\/#organization"},"potentialAction":[{"@type":"SearchAction","target":{"@type":"EntryPoint","urlTemplate":"https:\/\/www.umates.com\/da\/?s={search_term_string}"},"query-input":{"@type":"PropertyValueSpecification","valueRequired":true,"valueName":"search_term_string"}}],"inLanguage":"da-DK"},{"@type":"Organization","@id":"https:\/\/www.umates.com\/da\/#organization","name":"UMATES A\/S","url":"https:\/\/www.umates.com\/da\/","logo":{"@type":"ImageObject","inLanguage":"da-DK","@id":"https:\/\/www.umates.com\/da\/#\/schema\/logo\/image\/","url":"https:\/\/www.umates.com\/wp-content\/uploads\/2019\/02\/umates-email-header.png","contentUrl":"https:\/\/www.umates.com\/wp-content\/uploads\/2019\/02\/umates-email-header.png","width":605,"height":80,"caption":"UMATES A\/S"},"image":{"@id":"https:\/\/www.umates.com\/da\/#\/schema\/logo\/image\/"},"sameAs":["https:\/\/www.facebook.com\/umates.europe"]}]},"product_price_amount":"169.00","product_price_currency":"DKK","og_availability":"instock","product_availability":"instock","product_retailer_item_id":"5-025","product_condition":"new"},"uagb_featured_image_src":{"full":["https:\/\/www.umates.com\/wp-content\/uploads\/2019\/02\/5-025_front.png",510,397,false],"thumbnail":["https:\/\/www.umates.com\/wp-content\/uploads\/2019\/02\/5-025_front-150x150.png",150,150,true],"medium":["https:\/\/www.umates.com\/wp-content\/uploads\/2019\/02\/5-025_front-300x234.png",300,234,true],"medium_large":["https:\/\/www.umates.com\/wp-content\/uploads\/2019\/02\/5-025_front.png",510,397,false],"large":["https:\/\/www.umates.com\/wp-content\/uploads\/2019\/02\/5-025_front.png",510,397,false],"1536x1536":["https:\/\/www.umates.com\/wp-content\/uploads\/2019\/02\/5-025_front.png",510,397,false],"2048x2048":["https:\/\/www.umates.com\/wp-content\/uploads\/2019\/02\/5-025_front.png",510,397,false],"320w":["https:\/\/www.umates.com\/wp-content\/uploads\/2019\/02\/5-025_front.png",320,249,false],"480w":["https:\/\/www.umates.com\/wp-content\/uploads\/2019\/02\/5-025_front.png",480,374,false],"800w":["https:\/\/www.umates.com\/wp-content\/uploads\/2019\/02\/5-025_front.png",510,397,false],"woocommerce_thumbnail":["https:\/\/www.umates.com\/wp-content\/uploads\/2019\/02\/5-025_front.png",510,397,false],"woocommerce_single":["https:\/\/www.umates.com\/wp-content\/uploads\/2019\/02\/5-025_front.png",510,397,false],"woocommerce_gallery_thumbnail":["https:\/\/www.umates.com\/wp-content\/uploads\/2019\/02\/5-025_front-100x100.png",100,100,true],"lightbox":["https:\/\/www.umates.com\/wp-content\/uploads\/2019\/02\/5-025_front.png",510,397,false],"search_results":["https:\/\/www.umates.com\/wp-content\/uploads\/2019\/02\/5-025_front.png",510,397,false],"blog_entry":["https:\/\/www.umates.com\/wp-content\/uploads\/2019\/02\/5-025_front.png",510,397,false],"blog_post":["https:\/\/www.umates.com\/wp-content\/uploads\/2019\/02\/5-025_front.png",510,397,false],"blog_post_full":["https:\/\/www.umates.com\/wp-content\/uploads\/2019\/02\/5-025_front.png",510,397,false],"blog_related":["https:\/\/www.umates.com\/wp-content\/uploads\/2019\/02\/5-025_front.png",510,397,false],"portfolio_entry":["https:\/\/www.umates.com\/wp-content\/uploads\/2019\/02\/5-025_front.png",510,397,false],"portfolio_post":["https:\/\/www.umates.com\/wp-content\/uploads\/2019\/02\/5-025_front.png",510,397,false],"portfolio_related":["https:\/\/www.umates.com\/wp-content\/uploads\/2019\/02\/5-025_front.png",510,397,false],"staff_entry":["https:\/\/www.umates.com\/wp-content\/uploads\/2019\/02\/5-025_front.png",510,397,false],"staff_post":["https:\/\/www.umates.com\/wp-content\/uploads\/2019\/02\/5-025_front.png",510,397,false],"staff_related":["https:\/\/www.umates.com\/wp-content\/uploads\/2019\/02\/5-025_front.png",510,397,false],"testimonials_entry":["https:\/\/www.umates.com\/wp-content\/uploads\/2019\/02\/5-025_front.png",510,397,false],"shop_catalog":["https:\/\/www.umates.com\/wp-content\/uploads\/2019\/02\/5-025_front.png",510,397,false],"shop_single":["https:\/\/www.umates.com\/wp-content\/uploads\/2019\/02\/5-025_front.png",510,397,false],"shop_single_thumbnail":["https:\/\/www.umates.com\/wp-content\/uploads\/2019\/02\/5-025_front.png",510,397,false],"shop_category":["https:\/\/www.umates.com\/wp-content\/uploads\/2019\/02\/5-025_front.png",510,397,false],"shop_cart":["https:\/\/www.umates.com\/wp-content\/uploads\/2019\/02\/5-025_front.png",510,397,false],"gallery":["https:\/\/www.umates.com\/wp-content\/uploads\/2019\/02\/5-025_front.png",510,397,false]},"uagb_author_info":{"display_name":"Tina Rasmussen","author_link":"https:\/\/www.umates.com\/da\/author\/"},"uagb_comment_info":0,"uagb_excerpt":"Umates Handle Sleeve XL (5-025) er et b\u00e6rbar omslag med h\u00e5ndtag til transport og opbevaring af din b\u00e6rbare pc. To sm\u00e5 forlommer med plads til mus, kabler.","_links":{"self":[{"href":"https:\/\/www.umates.com\/da\/wp-json\/wp\/v2\/product\/1438","targetHints":{"allow":["GET"]}}],"collection":[{"href":"https:\/\/www.umates.com\/da\/wp-json\/wp\/v2\/product"}],"about":[{"href":"https:\/\/www.umates.com\/da\/wp-json\/wp\/v2\/types\/product"}],"wp:featuredmedia":[{"embeddable":true,"href":"https:\/\/www.umates.com\/da\/wp-json\/wp\/v2\/media\/4534"}],"wp:attachment":[{"href":"https:\/\/www.umates.com\/da\/wp-json\/wp\/v2\/media?parent=1438"}],"wp:term":[{"taxonomy":"product_brand","embeddable":true,"href":"https:\/\/www.umates.com\/da\/wp-json\/wp\/v2\/product_brand?post=1438"},{"taxonomy":"product_cat","embeddable":true,"href":"https:\/\/www.umates.com\/da\/wp-json\/wp\/v2\/product_cat?post=1438"},{"taxonomy":"product_tag","embeddable":true,"href":"https:\/\/www.umates.com\/da\/wp-json\/wp\/v2\/product_tag?post=1438"}],"curies":[{"name":"wp","href":"https:\/\/api.w.org\/{rel}","templated":true}]}}