{"id":565,"date":"2018-10-03T12:36:32","date_gmt":"2018-10-03T12:36:32","guid":{"rendered":"http:\/\/www.umates.com\/?post_type=product&#038;p=565"},"modified":"2025-10-24T06:20:39","modified_gmt":"2025-10-24T06:20:39","slug":"umates-protector15x","status":"publish","type":"product","link":"https:\/\/www.umates.com\/da\/i\/umates-protector15x\/","title":{"rendered":"Umates Protector15X"},"content":{"rendered":"<p>Umates Protector15X er den mest k\u00f8bte Umates computertaske 16 tommer\u00a0og har en praktisk stor baglomme med plads til b\u00e6rbar printer, et bredt ringbind og\/eller alle papirerne.<\/p>\n<p><img loading=\"lazy\" decoding=\"async\" class=\"size-full wp-image-411 aligncenter\" src=\"http:\/\/www.umates.com\/wp-content\/uploads\/2018\/09\/people-graphic-icon-quality-e14400637783221.png\" alt=\"\" width=\"150\" height=\"150\" \/><\/p>\n<p>Med den trolley-lomme bagp\u00e5 kan du nemt s\u00e6tte tasken fast oven p\u00e5 din kuffert.<\/p>\n<p>Materialet produceres i teflon-behandlet nylon og tasken leveres med ergonomisk bl\u00f8d skulderstrop.<\/p>\n<p>Med det pantenterede Umates TopProtector\u2122 system i tasken er det hurtigt, let og sikkert at f\u00e5 den b\u00e6rbare ind og ud af tasken og beskytter det f\u00f8lsomme udstyr mod fysiske skader.<\/p>\n","protected":false},"excerpt":{"rendered":"<p>Den mest k\u00f8bte Umates computertaske 16 tommer med\u00a0en praktisk stor baglomme til b\u00e6rbar printer, ringbind eller dokumenter. Med trolley-lomme bagp\u00e5 til at s\u00e6tte tasken fast oven p\u00e5 en kuffert.<\/p>\n","protected":false},"featured_media":100,"template":"","meta":{"_uag_custom_page_level_css":""},"product_brand":[],"product_cat":[17],"product_tag":[],"class_list":{"0":"post-565","1":"product","2":"type-product","3":"status-publish","4":"has-post-thumbnail","6":"product_cat-toploaders","7":"pa_accessory-pocket-room-for-external-ac-adapter-various-cables","8":"pa_back-pocket-small-back-pocket-with-room-for-documents-and-papers","9":"pa_company-logo-call-us-for-company-logo","10":"pa_display-size-13-16","11":"pa_elastic-suspension-umates-topprotector-system","12":"pa_external-dimension-b41-x-d12-x-h35-cm","13":"pa_front-pocket-room-for-handy-business-cards-small-change-and-other-small-things","14":"pa_gurantee-lifetime-guarantee-on-any-production-and-material-defects","15":"pa_handle-a-soft-material-is-used-for-the-handle-for-comfort-and-protection","16":"pa_key-holder-yes","17":"pa_laptop-size-w38-x-d30-x-h5-cm","18":"pa_main-compartment-158","19":"pa_material-description-black-teflon-coated-nylon-easy-to-wipe-off-oil-or-dirt","20":"pa_materiale-nylon-teflon","21":"pa_note-size-please-check-size-of-your-laptop","22":"pa_pen-holder-yes-in-the-bottom-accessory-pocket","23":"pa_shoulder-strap-ergonomisk-shoulder-strap-skaner-handen","24":"pa_trolley-fastening-strap-a-trolley-fastening-strap-on-the-back-of-the-case-ensure-easy-transportation-while-travelling","25":"pa_weight-2-kg","26":"pa_zipper-the-zippers-can-self-heal-by-gently-moving-the-slide-over-the-separated-portion-of-the-zipper","27":"entry","28":"has-media","30":"first","31":"instock","32":"taxable","33":"shipping-taxable","34":"purchasable","35":"product-type-simple"},"bundled_by":[],"bundle_stock_status":"instock","bundle_stock_quantity":452,"bundle_virtual":false,"bundle_layout":"","bundle_add_to_cart_form_location":"","bundle_editable_in_cart":false,"bundle_sold_individually_context":"","bundle_item_grouping":"","bundle_min_size":"","bundle_max_size":"","bundle_price":[],"bundled_items":[],"bundle_sell_ids":[],"yoast_head":"<!-- This site is optimized with the Yoast SEO Premium plugin v23.7 (Yoast SEO v24.3) - https:\/\/yoast.com\/wordpress\/plugins\/seo\/ -->\n<title>Umates Protector15X | Kvalitetstilbeh\u00f8r til B\u00e6rbare PC og EL-biler<\/title>\n<meta name=\"robots\" content=\"index, follow, max-snippet:-1, max-image-preview:large, max-video-preview:-1\" \/>\n<link rel=\"canonical\" href=\"https:\/\/www.umates.com\/da\/i\/umates-protector15x\/\" \/>\n<meta property=\"og:locale\" content=\"da_DK\" \/>\n<meta property=\"og:type\" content=\"article\" \/>\n<meta property=\"og:title\" content=\"Umates Protector15X\" \/>\n<meta property=\"og:description\" content=\"Den mest k\u00f8bte Umates computertaske 16 tommer med\u00a0en praktisk stor baglomme til b\u00e6rbar printer, ringbind eller dokumenter. Med trolley-lomme bagp\u00e5 til at s\u00e6tte tasken fast oven p\u00e5 en kuffert.\" \/>\n<meta property=\"og:url\" content=\"https:\/\/www.umates.com\/da\/i\/umates-protector15x\/\" \/>\n<meta property=\"og:site_name\" content=\"Kvalitetstilbeh\u00f8r til B\u00e6rbare PC og EL-biler\" \/>\n<meta property=\"article:publisher\" content=\"https:\/\/www.facebook.com\/umates.europe\" \/>\n<meta property=\"article:modified_time\" content=\"2025-10-24T06:20:39+00:00\" \/>\n<meta property=\"og:image\" content=\"https:\/\/www.umates.com\/wp-content\/uploads\/2018\/09\/10-102_wp_l1.png\" \/>\n\t<meta property=\"og:image:width\" content=\"600\" \/>\n\t<meta property=\"og:image:height\" content=\"600\" \/>\n\t<meta property=\"og:image:type\" content=\"image\/png\" \/>\n<meta name=\"twitter:card\" content=\"summary_large_image\" \/>\n<meta name=\"twitter:label1\" content=\"Pris\" \/>\n\t<meta name=\"twitter:data1\" content=\"kr.&nbsp;675,00 (ekskl. moms)\" \/>\n\t<meta name=\"twitter:label2\" content=\"Tilg\u00e6ngelighed\" \/>\n\t<meta name=\"twitter:data2\" content=\"P\u00e5 lager\" \/>\n<script type=\"application\/ld+json\" class=\"yoast-schema-graph\">{\"@context\":\"https:\/\/schema.org\",\"@graph\":[{\"@type\":\"WebPage\",\"@id\":\"https:\/\/www.umates.com\/da\/i\/umates-protector15x\/\",\"url\":\"https:\/\/www.umates.com\/da\/i\/umates-protector15x\/\",\"name\":\"Umates Protector15X | Kvalitetstilbeh\u00f8r til B\u00e6rbare PC og EL-biler\",\"isPartOf\":{\"@id\":\"https:\/\/www.umates.com\/da\/#website\"},\"primaryImageOfPage\":{\"@id\":\"https:\/\/www.umates.com\/da\/i\/umates-protector15x\/#primaryimage\"},\"image\":{\"@id\":\"https:\/\/www.umates.com\/da\/i\/umates-protector15x\/#primaryimage\"},\"thumbnailUrl\":\"https:\/\/www.umates.com\/wp-content\/uploads\/2018\/09\/10-102_wp_l1.png\",\"datePublished\":\"2018-10-03T12:36:32+00:00\",\"dateModified\":\"2025-10-24T06:20:39+00:00\",\"breadcrumb\":{\"@id\":\"https:\/\/www.umates.com\/da\/i\/umates-protector15x\/#breadcrumb\"},\"inLanguage\":\"da-DK\",\"potentialAction\":[{\"@type\":\"ReadAction\",\"target\":[\"https:\/\/www.umates.com\/da\/i\/umates-protector15x\/\"]}]},{\"@type\":\"ImageObject\",\"inLanguage\":\"da-DK\",\"@id\":\"https:\/\/www.umates.com\/da\/i\/umates-protector15x\/#primaryimage\",\"url\":\"https:\/\/www.umates.com\/wp-content\/uploads\/2018\/09\/10-102_wp_l1.png\",\"contentUrl\":\"https:\/\/www.umates.com\/wp-content\/uploads\/2018\/09\/10-102_wp_l1.png\",\"width\":600,\"height\":600,\"caption\":\"umates pc taske 10-101 product extra\"},{\"@type\":\"BreadcrumbList\",\"@id\":\"https:\/\/www.umates.com\/da\/i\/umates-protector15x\/#breadcrumb\",\"itemListElement\":[{\"@type\":\"ListItem\",\"position\":1,\"name\":\"Produkter\",\"item\":\"https:\/\/www.umates.com\/da\/produkter\/\"},{\"@type\":\"ListItem\",\"position\":2,\"name\":\"Umates Protector15X\"}]},{\"@type\":\"WebSite\",\"@id\":\"https:\/\/www.umates.com\/da\/#website\",\"url\":\"https:\/\/www.umates.com\/da\/\",\"name\":\"Kvalitetstilbeh\u00f8r til B\u00e6rbare PC og EV biler\",\"description\":\"K\u00f8b tilbeh\u00f8r til b\u00e6rbar PC og El-biler\",\"publisher\":{\"@id\":\"https:\/\/www.umates.com\/da\/#organization\"},\"potentialAction\":[{\"@type\":\"SearchAction\",\"target\":{\"@type\":\"EntryPoint\",\"urlTemplate\":\"https:\/\/www.umates.com\/da\/?s={search_term_string}\"},\"query-input\":{\"@type\":\"PropertyValueSpecification\",\"valueRequired\":true,\"valueName\":\"search_term_string\"}}],\"inLanguage\":\"da-DK\"},{\"@type\":\"Organization\",\"@id\":\"https:\/\/www.umates.com\/da\/#organization\",\"name\":\"UMATES A\/S\",\"url\":\"https:\/\/www.umates.com\/da\/\",\"logo\":{\"@type\":\"ImageObject\",\"inLanguage\":\"da-DK\",\"@id\":\"https:\/\/www.umates.com\/da\/#\/schema\/logo\/image\/\",\"url\":\"https:\/\/www.umates.com\/wp-content\/uploads\/2019\/02\/umates-email-header.png\",\"contentUrl\":\"https:\/\/www.umates.com\/wp-content\/uploads\/2019\/02\/umates-email-header.png\",\"width\":605,\"height\":80,\"caption\":\"UMATES A\/S\"},\"image\":{\"@id\":\"https:\/\/www.umates.com\/da\/#\/schema\/logo\/image\/\"},\"sameAs\":[\"https:\/\/www.facebook.com\/umates.europe\"]}]}<\/script>\n<meta property=\"product:price:amount\" content=\"675.00\" \/>\n<meta property=\"product:price:currency\" content=\"DKK\" \/>\n<meta property=\"og:availability\" content=\"instock\" \/>\n<meta property=\"product:availability\" content=\"instock\" \/>\n<meta property=\"product:retailer_item_id\" content=\"10-102\" \/>\n<meta property=\"product:condition\" content=\"new\" \/>\n<!-- \/ Yoast SEO Premium plugin. -->","yoast_head_json":{"title":"Umates Protector15X | Kvalitetstilbeh\u00f8r til B\u00e6rbare PC og EL-biler","robots":{"index":"index","follow":"follow","max-snippet":"max-snippet:-1","max-image-preview":"max-image-preview:large","max-video-preview":"max-video-preview:-1"},"canonical":"https:\/\/www.umates.com\/da\/i\/umates-protector15x\/","og_locale":"da_DK","og_type":"article","og_title":"Umates Protector15X","og_description":"Den mest k\u00f8bte Umates computertaske 16 tommer med\u00a0en praktisk stor baglomme til b\u00e6rbar printer, ringbind eller dokumenter. Med trolley-lomme bagp\u00e5 til at s\u00e6tte tasken fast oven p\u00e5 en kuffert.","og_url":"https:\/\/www.umates.com\/da\/i\/umates-protector15x\/","og_site_name":"Kvalitetstilbeh\u00f8r til B\u00e6rbare PC og EL-biler","article_publisher":"https:\/\/www.facebook.com\/umates.europe","article_modified_time":"2025-10-24T06:20:39+00:00","og_image":[{"width":600,"height":600,"url":"https:\/\/www.umates.com\/wp-content\/uploads\/2018\/09\/10-102_wp_l1.png","type":"image\/png"}],"twitter_card":"summary_large_image","twitter_misc":{"Pris":"kr.&nbsp;675,00 (ekskl. moms)","Tilg\u00e6ngelighed":"P\u00e5 lager"},"schema":{"@context":"https:\/\/schema.org","@graph":[{"@type":"WebPage","@id":"https:\/\/www.umates.com\/da\/i\/umates-protector15x\/","url":"https:\/\/www.umates.com\/da\/i\/umates-protector15x\/","name":"Umates Protector15X | Kvalitetstilbeh\u00f8r til B\u00e6rbare PC og EL-biler","isPartOf":{"@id":"https:\/\/www.umates.com\/da\/#website"},"primaryImageOfPage":{"@id":"https:\/\/www.umates.com\/da\/i\/umates-protector15x\/#primaryimage"},"image":{"@id":"https:\/\/www.umates.com\/da\/i\/umates-protector15x\/#primaryimage"},"thumbnailUrl":"https:\/\/www.umates.com\/wp-content\/uploads\/2018\/09\/10-102_wp_l1.png","datePublished":"2018-10-03T12:36:32+00:00","dateModified":"2025-10-24T06:20:39+00:00","breadcrumb":{"@id":"https:\/\/www.umates.com\/da\/i\/umates-protector15x\/#breadcrumb"},"inLanguage":"da-DK","potentialAction":[{"@type":"ReadAction","target":["https:\/\/www.umates.com\/da\/i\/umates-protector15x\/"]}]},{"@type":"ImageObject","inLanguage":"da-DK","@id":"https:\/\/www.umates.com\/da\/i\/umates-protector15x\/#primaryimage","url":"https:\/\/www.umates.com\/wp-content\/uploads\/2018\/09\/10-102_wp_l1.png","contentUrl":"https:\/\/www.umates.com\/wp-content\/uploads\/2018\/09\/10-102_wp_l1.png","width":600,"height":600,"caption":"umates pc taske 10-101 product extra"},{"@type":"BreadcrumbList","@id":"https:\/\/www.umates.com\/da\/i\/umates-protector15x\/#breadcrumb","itemListElement":[{"@type":"ListItem","position":1,"name":"Produkter","item":"https:\/\/www.umates.com\/da\/produkter\/"},{"@type":"ListItem","position":2,"name":"Umates Protector15X"}]},{"@type":"WebSite","@id":"https:\/\/www.umates.com\/da\/#website","url":"https:\/\/www.umates.com\/da\/","name":"Kvalitetstilbeh\u00f8r til B\u00e6rbare PC og EV biler","description":"K\u00f8b tilbeh\u00f8r til b\u00e6rbar PC og El-biler","publisher":{"@id":"https:\/\/www.umates.com\/da\/#organization"},"potentialAction":[{"@type":"SearchAction","target":{"@type":"EntryPoint","urlTemplate":"https:\/\/www.umates.com\/da\/?s={search_term_string}"},"query-input":{"@type":"PropertyValueSpecification","valueRequired":true,"valueName":"search_term_string"}}],"inLanguage":"da-DK"},{"@type":"Organization","@id":"https:\/\/www.umates.com\/da\/#organization","name":"UMATES A\/S","url":"https:\/\/www.umates.com\/da\/","logo":{"@type":"ImageObject","inLanguage":"da-DK","@id":"https:\/\/www.umates.com\/da\/#\/schema\/logo\/image\/","url":"https:\/\/www.umates.com\/wp-content\/uploads\/2019\/02\/umates-email-header.png","contentUrl":"https:\/\/www.umates.com\/wp-content\/uploads\/2019\/02\/umates-email-header.png","width":605,"height":80,"caption":"UMATES A\/S"},"image":{"@id":"https:\/\/www.umates.com\/da\/#\/schema\/logo\/image\/"},"sameAs":["https:\/\/www.facebook.com\/umates.europe"]}]},"product_price_amount":"675.00","product_price_currency":"DKK","og_availability":"instock","product_availability":"instock","product_retailer_item_id":"10-102","product_condition":"new"},"uagb_featured_image_src":{"full":["https:\/\/www.umates.com\/wp-content\/uploads\/2018\/09\/10-102_wp_l1.png",600,600,false],"thumbnail":["https:\/\/www.umates.com\/wp-content\/uploads\/2018\/09\/10-102_wp_l1.png",150,150,false],"medium":["https:\/\/www.umates.com\/wp-content\/uploads\/2018\/09\/10-102_wp_l1.png",300,300,false],"medium_large":["https:\/\/www.umates.com\/wp-content\/uploads\/2018\/09\/10-102_wp_l1.png",600,600,false],"large":["https:\/\/www.umates.com\/wp-content\/uploads\/2018\/09\/10-102_wp_l1.png",600,600,false],"1536x1536":["https:\/\/www.umates.com\/wp-content\/uploads\/2018\/09\/10-102_wp_l1.png",600,600,false],"2048x2048":["https:\/\/www.umates.com\/wp-content\/uploads\/2018\/09\/10-102_wp_l1.png",600,600,false],"320w":["https:\/\/www.umates.com\/wp-content\/uploads\/2018\/09\/10-102_wp_l1.png",320,320,false],"480w":["https:\/\/www.umates.com\/wp-content\/uploads\/2018\/09\/10-102_wp_l1.png",480,480,false],"800w":["https:\/\/www.umates.com\/wp-content\/uploads\/2018\/09\/10-102_wp_l1.png",600,600,false],"woocommerce_thumbnail":["https:\/\/www.umates.com\/wp-content\/uploads\/2018\/09\/10-102_wp_l1.png",600,600,false],"woocommerce_single":["https:\/\/www.umates.com\/wp-content\/uploads\/2018\/09\/10-102_wp_l1.png",600,600,false],"woocommerce_gallery_thumbnail":["https:\/\/www.umates.com\/wp-content\/uploads\/2018\/09\/10-102_wp_l1.png",100,100,false],"lightbox":["https:\/\/www.umates.com\/wp-content\/uploads\/2018\/09\/10-102_wp_l1.png",600,600,false],"search_results":["https:\/\/www.umates.com\/wp-content\/uploads\/2018\/09\/10-102_wp_l1-125x125.png",125,125,true],"blog_entry":["https:\/\/www.umates.com\/wp-content\/uploads\/2018\/09\/10-102_wp_l1.png",600,600,false],"blog_post":["https:\/\/www.umates.com\/wp-content\/uploads\/2018\/09\/10-102_wp_l1.png",600,600,false],"blog_post_full":["https:\/\/www.umates.com\/wp-content\/uploads\/2018\/09\/10-102_wp_l1.png",600,600,false],"blog_related":["https:\/\/www.umates.com\/wp-content\/uploads\/2018\/09\/10-102_wp_l1.png",600,600,false],"portfolio_entry":["https:\/\/www.umates.com\/wp-content\/uploads\/2018\/09\/10-102_wp_l1.png",600,600,false],"portfolio_post":["https:\/\/www.umates.com\/wp-content\/uploads\/2018\/09\/10-102_wp_l1.png",600,600,false],"portfolio_related":["https:\/\/www.umates.com\/wp-content\/uploads\/2018\/09\/10-102_wp_l1.png",600,600,false],"staff_entry":["https:\/\/www.umates.com\/wp-content\/uploads\/2018\/09\/10-102_wp_l1.png",600,600,false],"staff_post":["https:\/\/www.umates.com\/wp-content\/uploads\/2018\/09\/10-102_wp_l1.png",600,600,false],"staff_related":["https:\/\/www.umates.com\/wp-content\/uploads\/2018\/09\/10-102_wp_l1.png",600,600,false],"testimonials_entry":["https:\/\/www.umates.com\/wp-content\/uploads\/2018\/09\/10-102_wp_l1.png",600,600,false],"shop_catalog":["https:\/\/www.umates.com\/wp-content\/uploads\/2018\/09\/10-102_wp_l1.png",600,600,false],"shop_single":["https:\/\/www.umates.com\/wp-content\/uploads\/2018\/09\/10-102_wp_l1.png",600,600,false],"shop_single_thumbnail":["https:\/\/www.umates.com\/wp-content\/uploads\/2018\/09\/10-102_wp_l1.png",600,600,false],"shop_category":["https:\/\/www.umates.com\/wp-content\/uploads\/2018\/09\/10-102_wp_l1.png",600,600,false],"shop_cart":["https:\/\/www.umates.com\/wp-content\/uploads\/2018\/09\/10-102_wp_l1.png",600,600,false],"gallery":["https:\/\/www.umates.com\/wp-content\/uploads\/2018\/09\/10-102_wp_l1.png",600,600,false]},"uagb_author_info":{"display_name":"Aries Cayetano","author_link":"https:\/\/www.umates.com\/da\/author\/"},"uagb_comment_info":0,"uagb_excerpt":"Den mest k\u00f8bte Umates computertaske 16 tommer med\u00a0en praktisk stor baglomme til b\u00e6rbar printer, ringbind eller dokumenter. Med trolley-lomme bagp\u00e5 til at s\u00e6tte tasken fast oven p\u00e5 en kuffert.","_links":{"self":[{"href":"https:\/\/www.umates.com\/da\/wp-json\/wp\/v2\/product\/565","targetHints":{"allow":["GET"]}}],"collection":[{"href":"https:\/\/www.umates.com\/da\/wp-json\/wp\/v2\/product"}],"about":[{"href":"https:\/\/www.umates.com\/da\/wp-json\/wp\/v2\/types\/product"}],"wp:featuredmedia":[{"embeddable":true,"href":"https:\/\/www.umates.com\/da\/wp-json\/wp\/v2\/media\/100"}],"wp:attachment":[{"href":"https:\/\/www.umates.com\/da\/wp-json\/wp\/v2\/media?parent=565"}],"wp:term":[{"taxonomy":"product_brand","embeddable":true,"href":"https:\/\/www.umates.com\/da\/wp-json\/wp\/v2\/product_brand?post=565"},{"taxonomy":"product_cat","embeddable":true,"href":"https:\/\/www.umates.com\/da\/wp-json\/wp\/v2\/product_cat?post=565"},{"taxonomy":"product_tag","embeddable":true,"href":"https:\/\/www.umates.com\/da\/wp-json\/wp\/v2\/product_tag?post=565"}],"curies":[{"name":"wp","href":"https:\/\/api.w.org\/{rel}","templated":true}]}}