{"id":570,"date":"2018-10-03T12:58:37","date_gmt":"2018-10-03T12:58:37","guid":{"rendered":"http:\/\/www.umates.com\/?post_type=product&#038;p=570"},"modified":"2022-02-17T08:46:33","modified_gmt":"2022-02-17T08:46:33","slug":"umates-neopren-sleeve-34-x-25","status":"publish","type":"product","link":"https:\/\/www.umates.com\/da\/i\/umates-neopren-sleeve-34-x-25\/","title":{"rendered":"Umates neopren  sleeve 34 x 25"},"content":{"rendered":"<p>Umates beskyttelsesomslag er fremstillet i slidst\u00e6rkt og vaskbart neopren, som er et bl\u00f8dt og elastik materiale.<\/p>\n<p><img loading=\"lazy\" decoding=\"async\" class=\"size-full wp-image-320 aligncenter\" src=\"http:\/\/www.umates.com\/wp-content\/uploads\/2018\/09\/girl-graphic-icon-laptop-e14400638038281.png\" alt=\"\" width=\"150\" height=\"150\" \/><\/p>\n<p>Perfekt, n\u00e5r din b\u00e6rbar computer skal b\u00e6res internt i firmaet eller opbevares derhjemme, og beskytter computerens kabinet mod ridser og andet snavs.<\/p>\n<p>Umates omslag til PC\u00a0leveres i flere forskellige st\u00f8rrelser, og passer til hovedparten af b\u00e6rbare computere.<\/p>\n<p><strong>Bem\u00e6rk:<br \/>\nFra 500 styk kan Umates producere Pouch efter m\u00e5l.<\/strong><br \/>\nKontakt os for yderligere information:<br \/>\nTelefon: +45 7022 7005<br \/>\nE-mail: <a href=\"mailto:umates@umates.com\">umates@umates.com<\/a><\/p>\n","protected":false},"excerpt":{"rendered":"<p>Umates CPU Pouch (7-024) &#8211; omslag til PC, Sleeve Neopren. Beskytter computerens kabinet mod ridser.<\/p>\n","protected":false},"featured_media":161,"template":"","meta":{"_uag_custom_page_level_css":""},"product_brand":[],"product_cat":[21],"product_tag":[],"class_list":{"0":"post-570","1":"product","2":"type-product","3":"status-publish","4":"has-post-thumbnail","6":"product_cat-omslag-sleeves-til-baerbare","7":"pa_dimensions-pc-w34-x-h25-cm","8":"pa_display-size-10-14","9":"pa_gurantee-lifetime-guarantee-on-any-production-and-material-defects","10":"pa_main-compartment-one-with-room-for-the-noteboook","11":"pa_material-description-durable-and-washable-neoprene-easy-to-wipe-off-dirt","12":"pa_materiale-neoprene","13":"pa_outisde-compartments-two-small-front-pockets-for-mouse-cables-or-other-small-things","14":"pa_protection-protects-the-laptops-cabinet-from-scratches","15":"pa_user-friendliness-fast-and-easy-to-get-the-mini-notebook-in-and-out","16":"pa_weight-240-gram","17":"entry","18":"has-media","20":"first","21":"instock","22":"taxable","23":"shipping-taxable","24":"purchasable","25":"product-type-simple"},"bundled_by":[],"bundle_stock_status":"instock","bundle_stock_quantity":null,"bundle_virtual":false,"bundle_layout":"","bundle_add_to_cart_form_location":"","bundle_editable_in_cart":false,"bundle_sold_individually_context":"","bundle_item_grouping":"","bundle_min_size":"","bundle_max_size":"","bundle_price":[],"bundled_items":[],"bundle_sell_ids":[],"yoast_head":"<!-- This site is optimized with the Yoast SEO Premium plugin v23.7 (Yoast SEO v24.3) - https:\/\/yoast.com\/wordpress\/plugins\/seo\/ -->\n<title>Umates neopren sleeve 34 x 25 | Kvalitetstilbeh\u00f8r til B\u00e6rbare PC og EL-biler<\/title>\n<meta name=\"robots\" content=\"index, follow, max-snippet:-1, max-image-preview:large, max-video-preview:-1\" \/>\n<link rel=\"canonical\" href=\"https:\/\/www.umates.com\/da\/i\/umates-neopren-sleeve-34-x-25\/\" \/>\n<meta property=\"og:locale\" content=\"da_DK\" \/>\n<meta property=\"og:type\" content=\"article\" \/>\n<meta property=\"og:title\" content=\"Umates neopren sleeve 34 x 25\" \/>\n<meta property=\"og:description\" content=\"Umates CPU Pouch (7-024) - omslag til PC, Sleeve Neopren. Beskytter computerens kabinet mod ridser.\" \/>\n<meta property=\"og:url\" content=\"https:\/\/www.umates.com\/da\/i\/umates-neopren-sleeve-34-x-25\/\" \/>\n<meta property=\"og:site_name\" content=\"Kvalitetstilbeh\u00f8r til B\u00e6rbare PC og EL-biler\" \/>\n<meta property=\"article:publisher\" content=\"https:\/\/www.facebook.com\/umates.europe\" \/>\n<meta property=\"article:modified_time\" content=\"2022-02-17T08:46:33+00:00\" \/>\n<meta property=\"og:image\" content=\"https:\/\/www.umates.com\/wp-content\/uploads\/2018\/09\/7-024_wp_l.png\" \/>\n\t<meta property=\"og:image:width\" content=\"600\" \/>\n\t<meta property=\"og:image:height\" content=\"600\" \/>\n\t<meta property=\"og:image:type\" content=\"image\/png\" \/>\n<meta name=\"twitter:card\" content=\"summary_large_image\" \/>\n<meta name=\"twitter:label1\" content=\"Pris\" \/>\n\t<meta name=\"twitter:data1\" content=\"kr.&nbsp;109,00 (ekskl. moms)\" \/>\n\t<meta name=\"twitter:label2\" content=\"Tilg\u00e6ngelighed\" \/>\n\t<meta name=\"twitter:data2\" content=\"P\u00e5 lager\" \/>\n<script type=\"application\/ld+json\" class=\"yoast-schema-graph\">{\"@context\":\"https:\/\/schema.org\",\"@graph\":[{\"@type\":\"WebPage\",\"@id\":\"https:\/\/www.umates.com\/da\/i\/umates-neopren-sleeve-34-x-25\/\",\"url\":\"https:\/\/www.umates.com\/da\/i\/umates-neopren-sleeve-34-x-25\/\",\"name\":\"Umates neopren sleeve 34 x 25 | Kvalitetstilbeh\u00f8r til B\u00e6rbare PC og EL-biler\",\"isPartOf\":{\"@id\":\"https:\/\/www.umates.com\/da\/#website\"},\"primaryImageOfPage\":{\"@id\":\"https:\/\/www.umates.com\/da\/i\/umates-neopren-sleeve-34-x-25\/#primaryimage\"},\"image\":{\"@id\":\"https:\/\/www.umates.com\/da\/i\/umates-neopren-sleeve-34-x-25\/#primaryimage\"},\"thumbnailUrl\":\"https:\/\/www.umates.com\/wp-content\/uploads\/2018\/09\/7-024_wp_l.png\",\"datePublished\":\"2018-10-03T12:58:37+00:00\",\"dateModified\":\"2022-02-17T08:46:33+00:00\",\"breadcrumb\":{\"@id\":\"https:\/\/www.umates.com\/da\/i\/umates-neopren-sleeve-34-x-25\/#breadcrumb\"},\"inLanguage\":\"da-DK\",\"potentialAction\":[{\"@type\":\"ReadAction\",\"target\":[\"https:\/\/www.umates.com\/da\/i\/umates-neopren-sleeve-34-x-25\/\"]}]},{\"@type\":\"ImageObject\",\"inLanguage\":\"da-DK\",\"@id\":\"https:\/\/www.umates.com\/da\/i\/umates-neopren-sleeve-34-x-25\/#primaryimage\",\"url\":\"https:\/\/www.umates.com\/wp-content\/uploads\/2018\/09\/7-024_wp_l.png\",\"contentUrl\":\"https:\/\/www.umates.com\/wp-content\/uploads\/2018\/09\/7-024_wp_l.png\",\"width\":600,\"height\":600},{\"@type\":\"BreadcrumbList\",\"@id\":\"https:\/\/www.umates.com\/da\/i\/umates-neopren-sleeve-34-x-25\/#breadcrumb\",\"itemListElement\":[{\"@type\":\"ListItem\",\"position\":1,\"name\":\"Produkter\",\"item\":\"https:\/\/www.umates.com\/da\/produkter\/\"},{\"@type\":\"ListItem\",\"position\":2,\"name\":\"Umates neopren sleeve 34 x 25\"}]},{\"@type\":\"WebSite\",\"@id\":\"https:\/\/www.umates.com\/da\/#website\",\"url\":\"https:\/\/www.umates.com\/da\/\",\"name\":\"Kvalitetstilbeh\u00f8r til B\u00e6rbare PC og EV biler\",\"description\":\"K\u00f8b tilbeh\u00f8r til b\u00e6rbar PC og El-biler\",\"publisher\":{\"@id\":\"https:\/\/www.umates.com\/da\/#organization\"},\"potentialAction\":[{\"@type\":\"SearchAction\",\"target\":{\"@type\":\"EntryPoint\",\"urlTemplate\":\"https:\/\/www.umates.com\/da\/?s={search_term_string}\"},\"query-input\":{\"@type\":\"PropertyValueSpecification\",\"valueRequired\":true,\"valueName\":\"search_term_string\"}}],\"inLanguage\":\"da-DK\"},{\"@type\":\"Organization\",\"@id\":\"https:\/\/www.umates.com\/da\/#organization\",\"name\":\"UMATES A\/S\",\"url\":\"https:\/\/www.umates.com\/da\/\",\"logo\":{\"@type\":\"ImageObject\",\"inLanguage\":\"da-DK\",\"@id\":\"https:\/\/www.umates.com\/da\/#\/schema\/logo\/image\/\",\"url\":\"https:\/\/www.umates.com\/wp-content\/uploads\/2019\/02\/umates-email-header.png\",\"contentUrl\":\"https:\/\/www.umates.com\/wp-content\/uploads\/2019\/02\/umates-email-header.png\",\"width\":605,\"height\":80,\"caption\":\"UMATES A\/S\"},\"image\":{\"@id\":\"https:\/\/www.umates.com\/da\/#\/schema\/logo\/image\/\"},\"sameAs\":[\"https:\/\/www.facebook.com\/umates.europe\"]}]}<\/script>\n<meta property=\"product:price:amount\" content=\"109.00\" \/>\n<meta property=\"product:price:currency\" content=\"DKK\" \/>\n<meta property=\"og:availability\" content=\"instock\" \/>\n<meta property=\"product:availability\" content=\"instock\" \/>\n<meta property=\"product:retailer_item_id\" content=\"7-024\" \/>\n<meta property=\"product:condition\" content=\"new\" \/>\n<!-- \/ Yoast SEO Premium plugin. -->","yoast_head_json":{"title":"Umates neopren sleeve 34 x 25 | Kvalitetstilbeh\u00f8r til B\u00e6rbare PC og EL-biler","robots":{"index":"index","follow":"follow","max-snippet":"max-snippet:-1","max-image-preview":"max-image-preview:large","max-video-preview":"max-video-preview:-1"},"canonical":"https:\/\/www.umates.com\/da\/i\/umates-neopren-sleeve-34-x-25\/","og_locale":"da_DK","og_type":"article","og_title":"Umates neopren sleeve 34 x 25","og_description":"Umates CPU Pouch (7-024) - omslag til PC, Sleeve Neopren. Beskytter computerens kabinet mod ridser.","og_url":"https:\/\/www.umates.com\/da\/i\/umates-neopren-sleeve-34-x-25\/","og_site_name":"Kvalitetstilbeh\u00f8r til B\u00e6rbare PC og EL-biler","article_publisher":"https:\/\/www.facebook.com\/umates.europe","article_modified_time":"2022-02-17T08:46:33+00:00","og_image":[{"width":600,"height":600,"url":"https:\/\/www.umates.com\/wp-content\/uploads\/2018\/09\/7-024_wp_l.png","type":"image\/png"}],"twitter_card":"summary_large_image","twitter_misc":{"Pris":"kr.&nbsp;109,00 (ekskl. moms)","Tilg\u00e6ngelighed":"P\u00e5 lager"},"schema":{"@context":"https:\/\/schema.org","@graph":[{"@type":"WebPage","@id":"https:\/\/www.umates.com\/da\/i\/umates-neopren-sleeve-34-x-25\/","url":"https:\/\/www.umates.com\/da\/i\/umates-neopren-sleeve-34-x-25\/","name":"Umates neopren sleeve 34 x 25 | Kvalitetstilbeh\u00f8r til B\u00e6rbare PC og EL-biler","isPartOf":{"@id":"https:\/\/www.umates.com\/da\/#website"},"primaryImageOfPage":{"@id":"https:\/\/www.umates.com\/da\/i\/umates-neopren-sleeve-34-x-25\/#primaryimage"},"image":{"@id":"https:\/\/www.umates.com\/da\/i\/umates-neopren-sleeve-34-x-25\/#primaryimage"},"thumbnailUrl":"https:\/\/www.umates.com\/wp-content\/uploads\/2018\/09\/7-024_wp_l.png","datePublished":"2018-10-03T12:58:37+00:00","dateModified":"2022-02-17T08:46:33+00:00","breadcrumb":{"@id":"https:\/\/www.umates.com\/da\/i\/umates-neopren-sleeve-34-x-25\/#breadcrumb"},"inLanguage":"da-DK","potentialAction":[{"@type":"ReadAction","target":["https:\/\/www.umates.com\/da\/i\/umates-neopren-sleeve-34-x-25\/"]}]},{"@type":"ImageObject","inLanguage":"da-DK","@id":"https:\/\/www.umates.com\/da\/i\/umates-neopren-sleeve-34-x-25\/#primaryimage","url":"https:\/\/www.umates.com\/wp-content\/uploads\/2018\/09\/7-024_wp_l.png","contentUrl":"https:\/\/www.umates.com\/wp-content\/uploads\/2018\/09\/7-024_wp_l.png","width":600,"height":600},{"@type":"BreadcrumbList","@id":"https:\/\/www.umates.com\/da\/i\/umates-neopren-sleeve-34-x-25\/#breadcrumb","itemListElement":[{"@type":"ListItem","position":1,"name":"Produkter","item":"https:\/\/www.umates.com\/da\/produkter\/"},{"@type":"ListItem","position":2,"name":"Umates neopren sleeve 34 x 25"}]},{"@type":"WebSite","@id":"https:\/\/www.umates.com\/da\/#website","url":"https:\/\/www.umates.com\/da\/","name":"Kvalitetstilbeh\u00f8r til B\u00e6rbare PC og EV biler","description":"K\u00f8b tilbeh\u00f8r til b\u00e6rbar PC og El-biler","publisher":{"@id":"https:\/\/www.umates.com\/da\/#organization"},"potentialAction":[{"@type":"SearchAction","target":{"@type":"EntryPoint","urlTemplate":"https:\/\/www.umates.com\/da\/?s={search_term_string}"},"query-input":{"@type":"PropertyValueSpecification","valueRequired":true,"valueName":"search_term_string"}}],"inLanguage":"da-DK"},{"@type":"Organization","@id":"https:\/\/www.umates.com\/da\/#organization","name":"UMATES A\/S","url":"https:\/\/www.umates.com\/da\/","logo":{"@type":"ImageObject","inLanguage":"da-DK","@id":"https:\/\/www.umates.com\/da\/#\/schema\/logo\/image\/","url":"https:\/\/www.umates.com\/wp-content\/uploads\/2019\/02\/umates-email-header.png","contentUrl":"https:\/\/www.umates.com\/wp-content\/uploads\/2019\/02\/umates-email-header.png","width":605,"height":80,"caption":"UMATES A\/S"},"image":{"@id":"https:\/\/www.umates.com\/da\/#\/schema\/logo\/image\/"},"sameAs":["https:\/\/www.facebook.com\/umates.europe"]}]},"product_price_amount":"109.00","product_price_currency":"DKK","og_availability":"instock","product_availability":"instock","product_retailer_item_id":"7-024","product_condition":"new"},"uagb_featured_image_src":{"full":["https:\/\/www.umates.com\/wp-content\/uploads\/2018\/09\/7-024_wp_l.png",600,600,false],"thumbnail":["https:\/\/www.umates.com\/wp-content\/uploads\/2018\/09\/7-024_wp_l.png",150,150,false],"medium":["https:\/\/www.umates.com\/wp-content\/uploads\/2018\/09\/7-024_wp_l.png",300,300,false],"medium_large":["https:\/\/www.umates.com\/wp-content\/uploads\/2018\/09\/7-024_wp_l.png",600,600,false],"large":["https:\/\/www.umates.com\/wp-content\/uploads\/2018\/09\/7-024_wp_l.png",600,600,false],"1536x1536":["https:\/\/www.umates.com\/wp-content\/uploads\/2018\/09\/7-024_wp_l.png",600,600,false],"2048x2048":["https:\/\/www.umates.com\/wp-content\/uploads\/2018\/09\/7-024_wp_l.png",600,600,false],"320w":["https:\/\/www.umates.com\/wp-content\/uploads\/2018\/09\/7-024_wp_l.png",320,320,false],"480w":["https:\/\/www.umates.com\/wp-content\/uploads\/2018\/09\/7-024_wp_l.png",480,480,false],"800w":["https:\/\/www.umates.com\/wp-content\/uploads\/2018\/09\/7-024_wp_l.png",600,600,false],"woocommerce_thumbnail":["https:\/\/www.umates.com\/wp-content\/uploads\/2018\/09\/7-024_wp_l.png",600,600,false],"woocommerce_single":["https:\/\/www.umates.com\/wp-content\/uploads\/2018\/09\/7-024_wp_l.png",600,600,false],"woocommerce_gallery_thumbnail":["https:\/\/www.umates.com\/wp-content\/uploads\/2018\/09\/7-024_wp_l.png",100,100,false],"lightbox":["https:\/\/www.umates.com\/wp-content\/uploads\/2018\/09\/7-024_wp_l.png",600,600,false],"search_results":["https:\/\/www.umates.com\/wp-content\/uploads\/2018\/09\/7-024_wp_l-125x125.png",125,125,true],"blog_entry":["https:\/\/www.umates.com\/wp-content\/uploads\/2018\/09\/7-024_wp_l.png",600,600,false],"blog_post":["https:\/\/www.umates.com\/wp-content\/uploads\/2018\/09\/7-024_wp_l.png",600,600,false],"blog_post_full":["https:\/\/www.umates.com\/wp-content\/uploads\/2018\/09\/7-024_wp_l.png",600,600,false],"blog_related":["https:\/\/www.umates.com\/wp-content\/uploads\/2018\/09\/7-024_wp_l.png",600,600,false],"portfolio_entry":["https:\/\/www.umates.com\/wp-content\/uploads\/2018\/09\/7-024_wp_l.png",600,600,false],"portfolio_post":["https:\/\/www.umates.com\/wp-content\/uploads\/2018\/09\/7-024_wp_l.png",600,600,false],"portfolio_related":["https:\/\/www.umates.com\/wp-content\/uploads\/2018\/09\/7-024_wp_l.png",600,600,false],"staff_entry":["https:\/\/www.umates.com\/wp-content\/uploads\/2018\/09\/7-024_wp_l.png",600,600,false],"staff_post":["https:\/\/www.umates.com\/wp-content\/uploads\/2018\/09\/7-024_wp_l.png",600,600,false],"staff_related":["https:\/\/www.umates.com\/wp-content\/uploads\/2018\/09\/7-024_wp_l.png",600,600,false],"testimonials_entry":["https:\/\/www.umates.com\/wp-content\/uploads\/2018\/09\/7-024_wp_l.png",600,600,false],"shop_catalog":["https:\/\/www.umates.com\/wp-content\/uploads\/2018\/09\/7-024_wp_l.png",600,600,false],"shop_single":["https:\/\/www.umates.com\/wp-content\/uploads\/2018\/09\/7-024_wp_l.png",600,600,false],"shop_single_thumbnail":["https:\/\/www.umates.com\/wp-content\/uploads\/2018\/09\/7-024_wp_l.png",600,600,false],"shop_category":["https:\/\/www.umates.com\/wp-content\/uploads\/2018\/09\/7-024_wp_l.png",600,600,false],"shop_cart":["https:\/\/www.umates.com\/wp-content\/uploads\/2018\/09\/7-024_wp_l.png",600,600,false],"gallery":["https:\/\/www.umates.com\/wp-content\/uploads\/2018\/09\/7-024_wp_l.png",600,600,false]},"uagb_author_info":{"display_name":"Aries Cayetano","author_link":"https:\/\/www.umates.com\/da\/author\/"},"uagb_comment_info":0,"uagb_excerpt":"Umates CPU Pouch (7-024) - omslag til PC, Sleeve Neopren. Beskytter computerens kabinet mod ridser.","_links":{"self":[{"href":"https:\/\/www.umates.com\/da\/wp-json\/wp\/v2\/product\/570","targetHints":{"allow":["GET"]}}],"collection":[{"href":"https:\/\/www.umates.com\/da\/wp-json\/wp\/v2\/product"}],"about":[{"href":"https:\/\/www.umates.com\/da\/wp-json\/wp\/v2\/types\/product"}],"wp:featuredmedia":[{"embeddable":true,"href":"https:\/\/www.umates.com\/da\/wp-json\/wp\/v2\/media\/161"}],"wp:attachment":[{"href":"https:\/\/www.umates.com\/da\/wp-json\/wp\/v2\/media?parent=570"}],"wp:term":[{"taxonomy":"product_brand","embeddable":true,"href":"https:\/\/www.umates.com\/da\/wp-json\/wp\/v2\/product_brand?post=570"},{"taxonomy":"product_cat","embeddable":true,"href":"https:\/\/www.umates.com\/da\/wp-json\/wp\/v2\/product_cat?post=570"},{"taxonomy":"product_tag","embeddable":true,"href":"https:\/\/www.umates.com\/da\/wp-json\/wp\/v2\/product_tag?post=570"}],"curies":[{"name":"wp","href":"https:\/\/api.w.org\/{rel}","templated":true}]}}