{"id":2446,"date":"2019-02-22T10:05:58","date_gmt":"2019-02-22T10:05:58","guid":{"rendered":"https:\/\/umates.comi\/umates-neopren-sleeve-36-x-25\/"},"modified":"2019-10-22T06:22:58","modified_gmt":"2019-10-22T06:22:58","slug":"umates-neopren-sleeve-36-x-25","status":"publish","type":"product","link":"https:\/\/www.umates.com\/en\/i\/umates-neopren-sleeve-36-x-25\/","title":{"rendered":"Umates neopren sleeve 36 x 25"},"content":{"rendered":"<p>Umate&#8217;s protective jacket is made of durable and washable neoprene, which is a soft and elastic material.<\/p>\n<p><img loading=\"lazy\" decoding=\"async\" class=\"size-full wp-image-2041 aligncenter\" src=\"http:\/\/www.umates.com\/wp-content\/uploads\/2018\/09\/girl-graphic-icon-laptop-e14400638038281.png\" alt=\"\" width=\"150\" height=\"150\" \/><\/p>\n<p>Perfect when your laptop is to be worn internally in the company or stored at home, protecting the computer cabinet from scratches and other dirt.<\/p>\n<p>Umates cover for PC comes in several sizes and fits most of laptops.<\/p>\n<p>Note:<br \/>\nFrom 500 pieces, Umates can produce Pouch by measure.<br \/>\nContact us for further information:<br \/>\nPhone: +45 7022 7005<br \/>\nEmail: umates@umates.com<\/p>\n","protected":false},"excerpt":{"rendered":"<p>Umates CPU Pouch (7-224) &#8211; cover for PC, Sleeve Neoprene. Protects the computer case from scratches. Up to 14 &#8220;portable. Available in sizes 10-17&#8221;.<\/p>\n","protected":false},"featured_media":1882,"template":"","meta":{"_uag_custom_page_level_css":""},"product_brand":[],"product_cat":[349],"product_tag":[],"class_list":{"0":"post-2446","1":"product","2":"type-product","3":"status-publish","4":"has-post-thumbnail","6":"product_cat-pc-cover-and-sleeves","7":"pa_dimensions-pc-w34-x-h25-cm-en","8":"pa_display-size-10-14-en","9":"pa_gurantee-lifetime-warranty-on-production-and-material-defects-but-not-on-wear-and-tear-or-inappropriate-use-of-the-product","10":"pa_main-compartment-1-for-laptop","11":"pa_material-description-durable-and-washable-neoprene-easy-to-wipe-off-dirt-2","12":"pa_materiale-neoprene-black","13":"pa_outisde-compartments-two-small-outer-pockets-for-mice-cables-or-the-like","14":"pa_protection-protects-the-computer-case-from-scratches-and-dirt","15":"pa_user-friendliness-quick-and-easy-to-get-the-notebook-in-and-out","16":"pa_weight-240-gram-2","17":"entry","18":"has-media","20":"first","21":"outofstock","22":"taxable","23":"shipping-taxable","24":"purchasable","25":"product-type-simple"},"bundled_by":[],"bundle_stock_status":"outofstock","bundle_stock_quantity":498,"bundle_virtual":false,"bundle_layout":"","bundle_add_to_cart_form_location":"","bundle_editable_in_cart":false,"bundle_sold_individually_context":"","bundle_item_grouping":"","bundle_min_size":"","bundle_max_size":"","bundle_price":[],"bundled_items":[],"bundle_sell_ids":[],"yoast_head":"<!-- This site is optimized with the Yoast SEO Premium plugin v23.7 (Yoast SEO v24.3) - https:\/\/yoast.com\/wordpress\/plugins\/seo\/ -->\n<title>Umates neopren sleeve 36 x 25 | Laptop bags and accessories<\/title>\n<meta name=\"robots\" content=\"index, follow, max-snippet:-1, max-image-preview:large, max-video-preview:-1\" \/>\n<link rel=\"canonical\" href=\"https:\/\/www.umates.com\/en\/i\/umates-neopren-sleeve-36-x-25\/\" \/>\n<meta property=\"og:locale\" content=\"en_US\" \/>\n<meta property=\"og:type\" content=\"article\" \/>\n<meta property=\"og:title\" content=\"Umates neopren sleeve 36 x 25\" \/>\n<meta property=\"og:description\" content=\"Umates CPU Pouch (7-224) - cover for PC, Sleeve Neoprene. Protects the computer case from scratches. Up to 14 &quot;portable. Available in sizes 10-17&quot;.\" \/>\n<meta property=\"og:url\" content=\"https:\/\/www.umates.com\/en\/i\/umates-neopren-sleeve-36-x-25\/\" \/>\n<meta property=\"og:site_name\" content=\"Laptop bags and accessories\" \/>\n<meta property=\"article:publisher\" content=\"https:\/\/www.facebook.com\/umates.europe\" \/>\n<meta property=\"article:modified_time\" content=\"2019-10-22T06:22:58+00:00\" \/>\n<meta property=\"og:image\" content=\"https:\/\/www.umates.com\/wp-content\/uploads\/2018\/09\/7-024_wp_l.png\" \/>\n\t<meta property=\"og:image:width\" content=\"600\" \/>\n\t<meta property=\"og:image:height\" content=\"600\" \/>\n\t<meta property=\"og:image:type\" content=\"image\/png\" \/>\n<meta name=\"twitter:card\" content=\"summary_large_image\" \/>\n<meta name=\"twitter:label1\" content=\"Price\" \/>\n\t<meta name=\"twitter:data1\" content=\"&euro;&nbsp;14,00 (ex. tax)\" \/>\n\t<meta name=\"twitter:label2\" content=\"Availability\" \/>\n\t<meta name=\"twitter:data2\" content=\"Out of stock\" \/>\n<script type=\"application\/ld+json\" class=\"yoast-schema-graph\">{\"@context\":\"https:\/\/schema.org\",\"@graph\":[{\"@type\":\"WebPage\",\"@id\":\"https:\/\/www.umates.com\/en\/i\/umates-neopren-sleeve-36-x-25\/\",\"url\":\"https:\/\/www.umates.com\/en\/i\/umates-neopren-sleeve-36-x-25\/\",\"name\":\"Umates neopren sleeve 36 x 25 | Laptop bags and accessories\",\"isPartOf\":{\"@id\":\"https:\/\/www.umates.com\/da\/#website\"},\"primaryImageOfPage\":{\"@id\":\"https:\/\/www.umates.com\/en\/i\/umates-neopren-sleeve-36-x-25\/#primaryimage\"},\"image\":{\"@id\":\"https:\/\/www.umates.com\/en\/i\/umates-neopren-sleeve-36-x-25\/#primaryimage\"},\"thumbnailUrl\":\"https:\/\/www.umates.com\/wp-content\/uploads\/2018\/09\/7-024_wp_l.png\",\"datePublished\":\"2019-02-22T10:05:58+00:00\",\"dateModified\":\"2019-10-22T06:22:58+00:00\",\"breadcrumb\":{\"@id\":\"https:\/\/www.umates.com\/en\/i\/umates-neopren-sleeve-36-x-25\/#breadcrumb\"},\"inLanguage\":\"en-US\",\"potentialAction\":[{\"@type\":\"ReadAction\",\"target\":[\"https:\/\/www.umates.com\/en\/i\/umates-neopren-sleeve-36-x-25\/\"]}]},{\"@type\":\"ImageObject\",\"inLanguage\":\"en-US\",\"@id\":\"https:\/\/www.umates.com\/en\/i\/umates-neopren-sleeve-36-x-25\/#primaryimage\",\"url\":\"https:\/\/www.umates.com\/wp-content\/uploads\/2018\/09\/7-024_wp_l.png\",\"contentUrl\":\"https:\/\/www.umates.com\/wp-content\/uploads\/2018\/09\/7-024_wp_l.png\",\"width\":600,\"height\":600},{\"@type\":\"BreadcrumbList\",\"@id\":\"https:\/\/www.umates.com\/en\/i\/umates-neopren-sleeve-36-x-25\/#breadcrumb\",\"itemListElement\":[{\"@type\":\"ListItem\",\"position\":1,\"name\":\"Shop\",\"item\":\"https:\/\/www.umates.com\/en\/shop\/\"},{\"@type\":\"ListItem\",\"position\":2,\"name\":\"Umates neopren sleeve 36 x 25\"}]},{\"@type\":\"WebSite\",\"@id\":\"https:\/\/www.umates.com\/da\/#website\",\"url\":\"https:\/\/www.umates.com\/da\/\",\"name\":\"Kvalitetstilbeh\u00f8r til B\u00e6rbare PC og EV biler\",\"description\":\"K\u00f8b computeretasker, IT rygs\u00e6kke, sleeves og tilbeh\u00f8r hos Umates - Dag-til-Dag levering!\",\"publisher\":{\"@id\":\"https:\/\/www.umates.com\/da\/#organization\"},\"potentialAction\":[{\"@type\":\"SearchAction\",\"target\":{\"@type\":\"EntryPoint\",\"urlTemplate\":\"https:\/\/www.umates.com\/da\/?s={search_term_string}\"},\"query-input\":{\"@type\":\"PropertyValueSpecification\",\"valueRequired\":true,\"valueName\":\"search_term_string\"}}],\"inLanguage\":\"en-US\"},{\"@type\":\"Organization\",\"@id\":\"https:\/\/www.umates.com\/da\/#organization\",\"name\":\"UMATES A\/S\",\"url\":\"https:\/\/www.umates.com\/da\/\",\"logo\":{\"@type\":\"ImageObject\",\"inLanguage\":\"en-US\",\"@id\":\"https:\/\/www.umates.com\/da\/#\/schema\/logo\/image\/\",\"url\":\"https:\/\/www.umates.com\/wp-content\/uploads\/2019\/02\/umates-email-header.png\",\"contentUrl\":\"https:\/\/www.umates.com\/wp-content\/uploads\/2019\/02\/umates-email-header.png\",\"width\":605,\"height\":80,\"caption\":\"UMATES A\/S\"},\"image\":{\"@id\":\"https:\/\/www.umates.com\/da\/#\/schema\/logo\/image\/\"},\"sameAs\":[\"https:\/\/www.facebook.com\/umates.europe\"]}]}<\/script>\n<meta property=\"product:price:amount\" content=\"14.00\" \/>\n<meta property=\"product:price:currency\" content=\"EUR\" \/>\n<meta property=\"og:availability\" content=\"out of stock\" \/>\n<meta property=\"product:availability\" content=\"out of stock\" \/>\n<meta property=\"product:retailer_item_id\" content=\"7-224\" \/>\n<meta property=\"product:condition\" content=\"new\" \/>\n<!-- \/ Yoast SEO Premium plugin. -->","yoast_head_json":{"title":"Umates neopren sleeve 36 x 25 | Laptop bags and accessories","robots":{"index":"index","follow":"follow","max-snippet":"max-snippet:-1","max-image-preview":"max-image-preview:large","max-video-preview":"max-video-preview:-1"},"canonical":"https:\/\/www.umates.com\/en\/i\/umates-neopren-sleeve-36-x-25\/","og_locale":"en_US","og_type":"article","og_title":"Umates neopren sleeve 36 x 25","og_description":"Umates CPU Pouch (7-224) - cover for PC, Sleeve Neoprene. Protects the computer case from scratches. Up to 14 \"portable. Available in sizes 10-17\".","og_url":"https:\/\/www.umates.com\/en\/i\/umates-neopren-sleeve-36-x-25\/","og_site_name":"Laptop bags and accessories","article_publisher":"https:\/\/www.facebook.com\/umates.europe","article_modified_time":"2019-10-22T06:22:58+00:00","og_image":[{"width":600,"height":600,"url":"https:\/\/www.umates.com\/wp-content\/uploads\/2018\/09\/7-024_wp_l.png","type":"image\/png"}],"twitter_card":"summary_large_image","twitter_misc":{"Price":"&euro;&nbsp;14,00 (ex. tax)","Availability":"Out of stock"},"schema":{"@context":"https:\/\/schema.org","@graph":[{"@type":"WebPage","@id":"https:\/\/www.umates.com\/en\/i\/umates-neopren-sleeve-36-x-25\/","url":"https:\/\/www.umates.com\/en\/i\/umates-neopren-sleeve-36-x-25\/","name":"Umates neopren sleeve 36 x 25 | Laptop bags and accessories","isPartOf":{"@id":"https:\/\/www.umates.com\/da\/#website"},"primaryImageOfPage":{"@id":"https:\/\/www.umates.com\/en\/i\/umates-neopren-sleeve-36-x-25\/#primaryimage"},"image":{"@id":"https:\/\/www.umates.com\/en\/i\/umates-neopren-sleeve-36-x-25\/#primaryimage"},"thumbnailUrl":"https:\/\/www.umates.com\/wp-content\/uploads\/2018\/09\/7-024_wp_l.png","datePublished":"2019-02-22T10:05:58+00:00","dateModified":"2019-10-22T06:22:58+00:00","breadcrumb":{"@id":"https:\/\/www.umates.com\/en\/i\/umates-neopren-sleeve-36-x-25\/#breadcrumb"},"inLanguage":"en-US","potentialAction":[{"@type":"ReadAction","target":["https:\/\/www.umates.com\/en\/i\/umates-neopren-sleeve-36-x-25\/"]}]},{"@type":"ImageObject","inLanguage":"en-US","@id":"https:\/\/www.umates.com\/en\/i\/umates-neopren-sleeve-36-x-25\/#primaryimage","url":"https:\/\/www.umates.com\/wp-content\/uploads\/2018\/09\/7-024_wp_l.png","contentUrl":"https:\/\/www.umates.com\/wp-content\/uploads\/2018\/09\/7-024_wp_l.png","width":600,"height":600},{"@type":"BreadcrumbList","@id":"https:\/\/www.umates.com\/en\/i\/umates-neopren-sleeve-36-x-25\/#breadcrumb","itemListElement":[{"@type":"ListItem","position":1,"name":"Shop","item":"https:\/\/www.umates.com\/en\/shop\/"},{"@type":"ListItem","position":2,"name":"Umates neopren sleeve 36 x 25"}]},{"@type":"WebSite","@id":"https:\/\/www.umates.com\/da\/#website","url":"https:\/\/www.umates.com\/da\/","name":"Kvalitetstilbeh\u00f8r til B\u00e6rbare PC og EV biler","description":"K\u00f8b computeretasker, IT rygs\u00e6kke, sleeves og tilbeh\u00f8r hos Umates - Dag-til-Dag levering!","publisher":{"@id":"https:\/\/www.umates.com\/da\/#organization"},"potentialAction":[{"@type":"SearchAction","target":{"@type":"EntryPoint","urlTemplate":"https:\/\/www.umates.com\/da\/?s={search_term_string}"},"query-input":{"@type":"PropertyValueSpecification","valueRequired":true,"valueName":"search_term_string"}}],"inLanguage":"en-US"},{"@type":"Organization","@id":"https:\/\/www.umates.com\/da\/#organization","name":"UMATES A\/S","url":"https:\/\/www.umates.com\/da\/","logo":{"@type":"ImageObject","inLanguage":"en-US","@id":"https:\/\/www.umates.com\/da\/#\/schema\/logo\/image\/","url":"https:\/\/www.umates.com\/wp-content\/uploads\/2019\/02\/umates-email-header.png","contentUrl":"https:\/\/www.umates.com\/wp-content\/uploads\/2019\/02\/umates-email-header.png","width":605,"height":80,"caption":"UMATES A\/S"},"image":{"@id":"https:\/\/www.umates.com\/da\/#\/schema\/logo\/image\/"},"sameAs":["https:\/\/www.facebook.com\/umates.europe"]}]},"product_price_amount":"14.00","product_price_currency":"EUR","og_availability":"out of stock","product_availability":"out of stock","product_retailer_item_id":"7-224","product_condition":"new"},"uagb_featured_image_src":{"full":["https:\/\/www.umates.com\/wp-content\/uploads\/2018\/09\/7-024_wp_l.png",600,600,false],"thumbnail":["https:\/\/www.umates.com\/wp-content\/uploads\/2018\/09\/7-024_wp_l.png",150,150,false],"medium":["https:\/\/www.umates.com\/wp-content\/uploads\/2018\/09\/7-024_wp_l.png",300,300,false],"medium_large":["https:\/\/www.umates.com\/wp-content\/uploads\/2018\/09\/7-024_wp_l.png",600,600,false],"large":["https:\/\/www.umates.com\/wp-content\/uploads\/2018\/09\/7-024_wp_l.png",600,600,false],"1536x1536":["https:\/\/www.umates.com\/wp-content\/uploads\/2018\/09\/7-024_wp_l.png",600,600,false],"2048x2048":["https:\/\/www.umates.com\/wp-content\/uploads\/2018\/09\/7-024_wp_l.png",600,600,false],"320w":["https:\/\/www.umates.com\/wp-content\/uploads\/2018\/09\/7-024_wp_l.png",320,320,false],"480w":["https:\/\/www.umates.com\/wp-content\/uploads\/2018\/09\/7-024_wp_l.png",480,480,false],"800w":["https:\/\/www.umates.com\/wp-content\/uploads\/2018\/09\/7-024_wp_l.png",600,600,false],"woocommerce_thumbnail":["https:\/\/www.umates.com\/wp-content\/uploads\/2018\/09\/7-024_wp_l.png",600,600,false],"woocommerce_single":["https:\/\/www.umates.com\/wp-content\/uploads\/2018\/09\/7-024_wp_l.png",600,600,false],"woocommerce_gallery_thumbnail":["https:\/\/www.umates.com\/wp-content\/uploads\/2018\/09\/7-024_wp_l.png",100,100,false],"lightbox":["https:\/\/www.umates.com\/wp-content\/uploads\/2018\/09\/7-024_wp_l.png",600,600,false],"search_results":["https:\/\/www.umates.com\/wp-content\/uploads\/2018\/09\/7-024_wp_l-125x125.png",125,125,true],"blog_entry":["https:\/\/www.umates.com\/wp-content\/uploads\/2018\/09\/7-024_wp_l.png",600,600,false],"blog_post":["https:\/\/www.umates.com\/wp-content\/uploads\/2018\/09\/7-024_wp_l.png",600,600,false],"blog_post_full":["https:\/\/www.umates.com\/wp-content\/uploads\/2018\/09\/7-024_wp_l.png",600,600,false],"blog_related":["https:\/\/www.umates.com\/wp-content\/uploads\/2018\/09\/7-024_wp_l.png",600,600,false],"portfolio_entry":["https:\/\/www.umates.com\/wp-content\/uploads\/2018\/09\/7-024_wp_l.png",600,600,false],"portfolio_post":["https:\/\/www.umates.com\/wp-content\/uploads\/2018\/09\/7-024_wp_l.png",600,600,false],"portfolio_related":["https:\/\/www.umates.com\/wp-content\/uploads\/2018\/09\/7-024_wp_l.png",600,600,false],"staff_entry":["https:\/\/www.umates.com\/wp-content\/uploads\/2018\/09\/7-024_wp_l.png",600,600,false],"staff_post":["https:\/\/www.umates.com\/wp-content\/uploads\/2018\/09\/7-024_wp_l.png",600,600,false],"staff_related":["https:\/\/www.umates.com\/wp-content\/uploads\/2018\/09\/7-024_wp_l.png",600,600,false],"testimonials_entry":["https:\/\/www.umates.com\/wp-content\/uploads\/2018\/09\/7-024_wp_l.png",600,600,false],"shop_catalog":["https:\/\/www.umates.com\/wp-content\/uploads\/2018\/09\/7-024_wp_l.png",600,600,false],"shop_single":["https:\/\/www.umates.com\/wp-content\/uploads\/2018\/09\/7-024_wp_l.png",600,600,false],"shop_single_thumbnail":["https:\/\/www.umates.com\/wp-content\/uploads\/2018\/09\/7-024_wp_l.png",600,600,false],"shop_category":["https:\/\/www.umates.com\/wp-content\/uploads\/2018\/09\/7-024_wp_l.png",600,600,false],"shop_cart":["https:\/\/www.umates.com\/wp-content\/uploads\/2018\/09\/7-024_wp_l.png",600,600,false],"gallery":["https:\/\/www.umates.com\/wp-content\/uploads\/2018\/09\/7-024_wp_l.png",600,600,false]},"uagb_author_info":{"display_name":"Aries Cayetano","author_link":"https:\/\/www.umates.com\/en\/author\/"},"uagb_comment_info":0,"uagb_excerpt":"Umates CPU Pouch (7-224) - cover for PC, Sleeve Neoprene. Protects the computer case from scratches. Up to 14 \"portable. Available in sizes 10-17\".","_links":{"self":[{"href":"https:\/\/www.umates.com\/en\/wp-json\/wp\/v2\/product\/2446","targetHints":{"allow":["GET"]}}],"collection":[{"href":"https:\/\/www.umates.com\/en\/wp-json\/wp\/v2\/product"}],"about":[{"href":"https:\/\/www.umates.com\/en\/wp-json\/wp\/v2\/types\/product"}],"wp:featuredmedia":[{"embeddable":true,"href":"https:\/\/www.umates.com\/en\/wp-json\/wp\/v2\/media\/1882"}],"wp:attachment":[{"href":"https:\/\/www.umates.com\/en\/wp-json\/wp\/v2\/media?parent=2446"}],"wp:term":[{"taxonomy":"product_brand","embeddable":true,"href":"https:\/\/www.umates.com\/en\/wp-json\/wp\/v2\/product_brand?post=2446"},{"taxonomy":"product_cat","embeddable":true,"href":"https:\/\/www.umates.com\/en\/wp-json\/wp\/v2\/product_cat?post=2446"},{"taxonomy":"product_tag","embeddable":true,"href":"https:\/\/www.umates.com\/en\/wp-json\/wp\/v2\/product_tag?post=2446"}],"curies":[{"name":"wp","href":"https:\/\/api.w.org\/{rel}","templated":true}]}}