{"id":2458,"date":"2018-10-04T09:13:58","date_gmt":"2018-10-04T09:13:58","guid":{"rendered":"https:\/\/umates.comi\/usb-printerkabel-18-m\/"},"modified":"2020-07-22T10:51:57","modified_gmt":"2020-07-22T10:51:57","slug":"usb-printerkabel-18-m","status":"publish","type":"product","link":"https:\/\/www.umates.com\/en\/i\/usb-printerkabel-18-m\/","title":{"rendered":"USB printerkabel, 1,8 m"},"content":{"rendered":"<p>Umates ReelMate USB printercable consists of a serie of ultrathin cables to adjust the distancee between printer and computer.<\/p>\n<p><img loading=\"lazy\" decoding=\"async\" class=\"wp-image-411 aligncenter\" src=\"http:\/\/www.umates.com\/wp-content\/uploads\/2018\/09\/people-graphic-icon-quality-e14400637783221.png\" alt=\"\" width=\"150\" height=\"150\" \/><\/p>\n<p>With the USB printercable you can avoid cord spaghetti in your office or at home.<\/p>\n<p>The automatic extension cable needs less space and you can choose between cable lengths of 1,8 m or 4 m. The product has a diameter of 4 cm and a height of 1,8 cm.<\/p>\n<p>NOTE:<br \/>\nEven though the remaining stock are sold at a heavily reduced price, we naturally still provide a lifetime warranty under our normal terms of sale.<\/p>\n","protected":false},"excerpt":{"rendered":"<p>Avoid cable rudder: Umates USB printer cable, 1.8 m, automatic winding. Ideal for use in the office or in private homes.<\/p>\n","protected":false},"featured_media":1950,"template":"","meta":{"_uag_custom_page_level_css":""},"product_brand":[],"product_cat":[346,348],"product_tag":[],"class_list":{"0":"post-2458","1":"product","2":"type-product","3":"status-publish","4":"has-post-thumbnail","6":"product_cat-it-accessories","7":"product_cat-outlet","8":"pa_adjustable-plug-umates-usb-a-b-printercable","9":"pa_cable-length-180-cm-en","10":"pa_company-logo-possibility-of-company-logo-call-us-45-7022-7005","11":"pa_diameter-4-cm-en","12":"pa_height-1-8cm","13":"pa_high-quality-contains-of-course-the-usb-2-0-standard-2","14":"pa_roll-up-function-automatic-roll-up-function-2","15":"entry","16":"has-media","18":"first","19":"instock","20":"sale","21":"taxable","22":"shipping-taxable","23":"purchasable","24":"product-type-simple"},"bundled_by":[],"bundle_stock_status":"instock","bundle_stock_quantity":498,"bundle_virtual":false,"bundle_layout":"","bundle_add_to_cart_form_location":"","bundle_editable_in_cart":false,"bundle_sold_individually_context":"","bundle_item_grouping":"","bundle_min_size":"","bundle_max_size":"","bundle_price":[],"bundled_items":[],"bundle_sell_ids":[],"yoast_head":"<!-- This site is optimized with the Yoast SEO Premium plugin v23.7 (Yoast SEO v24.3) - https:\/\/yoast.com\/wordpress\/plugins\/seo\/ -->\n<title>USB printerkabel, 1,8 m | Laptop bags and accessories<\/title>\n<meta name=\"description\" content=\"Avoid cable rudder with the &quot;Umates ReelMate USB printer cable, 1.8 m&quot; with automatic winding. Ideal for use in the office or in private homes.\" \/>\n<meta name=\"robots\" content=\"index, follow, max-snippet:-1, max-image-preview:large, max-video-preview:-1\" \/>\n<link rel=\"canonical\" href=\"https:\/\/www.umates.com\/en\/i\/usb-printerkabel-18-m\/\" \/>\n<meta property=\"og:locale\" content=\"en_US\" \/>\n<meta property=\"og:type\" content=\"article\" \/>\n<meta property=\"og:title\" content=\"USB printerkabel, 1,8 m\" \/>\n<meta property=\"og:description\" content=\"Avoid cable rudder with the &quot;Umates ReelMate USB printer cable, 1.8 m&quot; with automatic winding. Ideal for use in the office or in private homes.\" \/>\n<meta property=\"og:url\" content=\"https:\/\/www.umates.com\/en\/i\/usb-printerkabel-18-m\/\" \/>\n<meta property=\"og:site_name\" content=\"Laptop bags and accessories\" \/>\n<meta property=\"article:publisher\" content=\"https:\/\/www.facebook.com\/umates.europe\" \/>\n<meta property=\"article:modified_time\" content=\"2020-07-22T10:51:57+00:00\" \/>\n<meta property=\"og:image\" content=\"https:\/\/www.umates.com\/wp-content\/uploads\/2018\/09\/89-2011.png\" \/>\n\t<meta property=\"og:image:width\" content=\"600\" \/>\n\t<meta property=\"og:image:height\" content=\"600\" \/>\n\t<meta property=\"og:image:type\" content=\"image\/png\" \/>\n<meta name=\"twitter:card\" content=\"summary_large_image\" \/>\n<meta name=\"twitter:label1\" content=\"Price\" \/>\n\t<meta name=\"twitter:data1\" content=\"&euro;&nbsp;4,00 (ex. tax)\" \/>\n\t<meta name=\"twitter:label2\" content=\"Availability\" \/>\n\t<meta name=\"twitter:data2\" content=\"In stock\" \/>\n<script type=\"application\/ld+json\" class=\"yoast-schema-graph\">{\"@context\":\"https:\/\/schema.org\",\"@graph\":[{\"@type\":\"WebPage\",\"@id\":\"https:\/\/www.umates.com\/en\/i\/usb-printerkabel-18-m\/\",\"url\":\"https:\/\/www.umates.com\/en\/i\/usb-printerkabel-18-m\/\",\"name\":\"USB printerkabel, 1,8 m | Laptop bags and accessories\",\"isPartOf\":{\"@id\":\"https:\/\/www.umates.com\/da\/#website\"},\"primaryImageOfPage\":{\"@id\":\"https:\/\/www.umates.com\/en\/i\/usb-printerkabel-18-m\/#primaryimage\"},\"image\":{\"@id\":\"https:\/\/www.umates.com\/en\/i\/usb-printerkabel-18-m\/#primaryimage\"},\"thumbnailUrl\":\"https:\/\/www.umates.com\/wp-content\/uploads\/2018\/09\/89-2011.png\",\"datePublished\":\"2018-10-04T09:13:58+00:00\",\"dateModified\":\"2020-07-22T10:51:57+00:00\",\"description\":\"Avoid cable rudder with the \\\"Umates ReelMate USB printer cable, 1.8 m\\\" with automatic winding. Ideal for use in the office or in private homes.\",\"breadcrumb\":{\"@id\":\"https:\/\/www.umates.com\/en\/i\/usb-printerkabel-18-m\/#breadcrumb\"},\"inLanguage\":\"en-US\",\"potentialAction\":[{\"@type\":\"ReadAction\",\"target\":[\"https:\/\/www.umates.com\/en\/i\/usb-printerkabel-18-m\/\"]}]},{\"@type\":\"ImageObject\",\"inLanguage\":\"en-US\",\"@id\":\"https:\/\/www.umates.com\/en\/i\/usb-printerkabel-18-m\/#primaryimage\",\"url\":\"https:\/\/www.umates.com\/wp-content\/uploads\/2018\/09\/89-2011.png\",\"contentUrl\":\"https:\/\/www.umates.com\/wp-content\/uploads\/2018\/09\/89-2011.png\",\"width\":600,\"height\":600},{\"@type\":\"BreadcrumbList\",\"@id\":\"https:\/\/www.umates.com\/en\/i\/usb-printerkabel-18-m\/#breadcrumb\",\"itemListElement\":[{\"@type\":\"ListItem\",\"position\":1,\"name\":\"Shop\",\"item\":\"https:\/\/www.umates.com\/en\/shop\/\"},{\"@type\":\"ListItem\",\"position\":2,\"name\":\"USB printerkabel, 1,8 m\"}]},{\"@type\":\"WebSite\",\"@id\":\"https:\/\/www.umates.com\/da\/#website\",\"url\":\"https:\/\/www.umates.com\/da\/\",\"name\":\"Kvalitetstilbeh\u00f8r til B\u00e6rbare PC og EV biler\",\"description\":\"K\u00f8b computeretasker, IT rygs\u00e6kke, sleeves og tilbeh\u00f8r hos Umates - Dag-til-Dag levering!\",\"publisher\":{\"@id\":\"https:\/\/www.umates.com\/da\/#organization\"},\"potentialAction\":[{\"@type\":\"SearchAction\",\"target\":{\"@type\":\"EntryPoint\",\"urlTemplate\":\"https:\/\/www.umates.com\/da\/?s={search_term_string}\"},\"query-input\":{\"@type\":\"PropertyValueSpecification\",\"valueRequired\":true,\"valueName\":\"search_term_string\"}}],\"inLanguage\":\"en-US\"},{\"@type\":\"Organization\",\"@id\":\"https:\/\/www.umates.com\/da\/#organization\",\"name\":\"UMATES A\/S\",\"url\":\"https:\/\/www.umates.com\/da\/\",\"logo\":{\"@type\":\"ImageObject\",\"inLanguage\":\"en-US\",\"@id\":\"https:\/\/www.umates.com\/da\/#\/schema\/logo\/image\/\",\"url\":\"https:\/\/www.umates.com\/wp-content\/uploads\/2019\/02\/umates-email-header.png\",\"contentUrl\":\"https:\/\/www.umates.com\/wp-content\/uploads\/2019\/02\/umates-email-header.png\",\"width\":605,\"height\":80,\"caption\":\"UMATES A\/S\"},\"image\":{\"@id\":\"https:\/\/www.umates.com\/da\/#\/schema\/logo\/image\/\"},\"sameAs\":[\"https:\/\/www.facebook.com\/umates.europe\"]}]}<\/script>\n<meta property=\"product:price:amount\" content=\"4.00\" \/>\n<meta property=\"product:price:currency\" content=\"EUR\" \/>\n<meta property=\"og:availability\" content=\"instock\" \/>\n<meta property=\"product:availability\" content=\"instock\" \/>\n<meta property=\"product:retailer_item_id\" content=\"89-201\" \/>\n<meta property=\"product:condition\" content=\"new\" \/>\n<!-- \/ Yoast SEO Premium plugin. -->","yoast_head_json":{"title":"USB printerkabel, 1,8 m | Laptop bags and accessories","description":"Avoid cable rudder with the \"Umates ReelMate USB printer cable, 1.8 m\" with automatic winding. Ideal for use in the office or in private homes.","robots":{"index":"index","follow":"follow","max-snippet":"max-snippet:-1","max-image-preview":"max-image-preview:large","max-video-preview":"max-video-preview:-1"},"canonical":"https:\/\/www.umates.com\/en\/i\/usb-printerkabel-18-m\/","og_locale":"en_US","og_type":"article","og_title":"USB printerkabel, 1,8 m","og_description":"Avoid cable rudder with the \"Umates ReelMate USB printer cable, 1.8 m\" with automatic winding. Ideal for use in the office or in private homes.","og_url":"https:\/\/www.umates.com\/en\/i\/usb-printerkabel-18-m\/","og_site_name":"Laptop bags and accessories","article_publisher":"https:\/\/www.facebook.com\/umates.europe","article_modified_time":"2020-07-22T10:51:57+00:00","og_image":[{"width":600,"height":600,"url":"https:\/\/www.umates.com\/wp-content\/uploads\/2018\/09\/89-2011.png","type":"image\/png"}],"twitter_card":"summary_large_image","twitter_misc":{"Price":"&euro;&nbsp;4,00 (ex. tax)","Availability":"In stock"},"schema":{"@context":"https:\/\/schema.org","@graph":[{"@type":"WebPage","@id":"https:\/\/www.umates.com\/en\/i\/usb-printerkabel-18-m\/","url":"https:\/\/www.umates.com\/en\/i\/usb-printerkabel-18-m\/","name":"USB printerkabel, 1,8 m | Laptop bags and accessories","isPartOf":{"@id":"https:\/\/www.umates.com\/da\/#website"},"primaryImageOfPage":{"@id":"https:\/\/www.umates.com\/en\/i\/usb-printerkabel-18-m\/#primaryimage"},"image":{"@id":"https:\/\/www.umates.com\/en\/i\/usb-printerkabel-18-m\/#primaryimage"},"thumbnailUrl":"https:\/\/www.umates.com\/wp-content\/uploads\/2018\/09\/89-2011.png","datePublished":"2018-10-04T09:13:58+00:00","dateModified":"2020-07-22T10:51:57+00:00","description":"Avoid cable rudder with the \"Umates ReelMate USB printer cable, 1.8 m\" with automatic winding. Ideal for use in the office or in private homes.","breadcrumb":{"@id":"https:\/\/www.umates.com\/en\/i\/usb-printerkabel-18-m\/#breadcrumb"},"inLanguage":"en-US","potentialAction":[{"@type":"ReadAction","target":["https:\/\/www.umates.com\/en\/i\/usb-printerkabel-18-m\/"]}]},{"@type":"ImageObject","inLanguage":"en-US","@id":"https:\/\/www.umates.com\/en\/i\/usb-printerkabel-18-m\/#primaryimage","url":"https:\/\/www.umates.com\/wp-content\/uploads\/2018\/09\/89-2011.png","contentUrl":"https:\/\/www.umates.com\/wp-content\/uploads\/2018\/09\/89-2011.png","width":600,"height":600},{"@type":"BreadcrumbList","@id":"https:\/\/www.umates.com\/en\/i\/usb-printerkabel-18-m\/#breadcrumb","itemListElement":[{"@type":"ListItem","position":1,"name":"Shop","item":"https:\/\/www.umates.com\/en\/shop\/"},{"@type":"ListItem","position":2,"name":"USB printerkabel, 1,8 m"}]},{"@type":"WebSite","@id":"https:\/\/www.umates.com\/da\/#website","url":"https:\/\/www.umates.com\/da\/","name":"Kvalitetstilbeh\u00f8r til B\u00e6rbare PC og EV biler","description":"K\u00f8b computeretasker, IT rygs\u00e6kke, sleeves og tilbeh\u00f8r hos Umates - Dag-til-Dag levering!","publisher":{"@id":"https:\/\/www.umates.com\/da\/#organization"},"potentialAction":[{"@type":"SearchAction","target":{"@type":"EntryPoint","urlTemplate":"https:\/\/www.umates.com\/da\/?s={search_term_string}"},"query-input":{"@type":"PropertyValueSpecification","valueRequired":true,"valueName":"search_term_string"}}],"inLanguage":"en-US"},{"@type":"Organization","@id":"https:\/\/www.umates.com\/da\/#organization","name":"UMATES A\/S","url":"https:\/\/www.umates.com\/da\/","logo":{"@type":"ImageObject","inLanguage":"en-US","@id":"https:\/\/www.umates.com\/da\/#\/schema\/logo\/image\/","url":"https:\/\/www.umates.com\/wp-content\/uploads\/2019\/02\/umates-email-header.png","contentUrl":"https:\/\/www.umates.com\/wp-content\/uploads\/2019\/02\/umates-email-header.png","width":605,"height":80,"caption":"UMATES A\/S"},"image":{"@id":"https:\/\/www.umates.com\/da\/#\/schema\/logo\/image\/"},"sameAs":["https:\/\/www.facebook.com\/umates.europe"]}]},"product_price_amount":"4.00","product_price_currency":"EUR","og_availability":"instock","product_availability":"instock","product_retailer_item_id":"89-201","product_condition":"new"},"uagb_featured_image_src":{"full":["https:\/\/www.umates.com\/wp-content\/uploads\/2018\/09\/89-2011.png",600,600,false],"thumbnail":["https:\/\/www.umates.com\/wp-content\/uploads\/2018\/09\/89-2011.png",150,150,false],"medium":["https:\/\/www.umates.com\/wp-content\/uploads\/2018\/09\/89-2011.png",300,300,false],"medium_large":["https:\/\/www.umates.com\/wp-content\/uploads\/2018\/09\/89-2011.png",600,600,false],"large":["https:\/\/www.umates.com\/wp-content\/uploads\/2018\/09\/89-2011.png",600,600,false],"1536x1536":["https:\/\/www.umates.com\/wp-content\/uploads\/2018\/09\/89-2011.png",600,600,false],"2048x2048":["https:\/\/www.umates.com\/wp-content\/uploads\/2018\/09\/89-2011.png",600,600,false],"320w":["https:\/\/www.umates.com\/wp-content\/uploads\/2018\/09\/89-2011.png",320,320,false],"480w":["https:\/\/www.umates.com\/wp-content\/uploads\/2018\/09\/89-2011.png",480,480,false],"800w":["https:\/\/www.umates.com\/wp-content\/uploads\/2018\/09\/89-2011.png",600,600,false],"woocommerce_thumbnail":["https:\/\/www.umates.com\/wp-content\/uploads\/2018\/09\/89-2011.png",600,600,false],"woocommerce_single":["https:\/\/www.umates.com\/wp-content\/uploads\/2018\/09\/89-2011.png",600,600,false],"woocommerce_gallery_thumbnail":["https:\/\/www.umates.com\/wp-content\/uploads\/2018\/09\/89-2011.png",100,100,false],"lightbox":["https:\/\/www.umates.com\/wp-content\/uploads\/2018\/09\/89-2011.png",600,600,false],"search_results":["https:\/\/www.umates.com\/wp-content\/uploads\/2018\/09\/89-2011-125x125.png",125,125,true],"blog_entry":["https:\/\/www.umates.com\/wp-content\/uploads\/2018\/09\/89-2011.png",600,600,false],"blog_post":["https:\/\/www.umates.com\/wp-content\/uploads\/2018\/09\/89-2011.png",600,600,false],"blog_post_full":["https:\/\/www.umates.com\/wp-content\/uploads\/2018\/09\/89-2011.png",600,600,false],"blog_related":["https:\/\/www.umates.com\/wp-content\/uploads\/2018\/09\/89-2011.png",600,600,false],"portfolio_entry":["https:\/\/www.umates.com\/wp-content\/uploads\/2018\/09\/89-2011.png",600,600,false],"portfolio_post":["https:\/\/www.umates.com\/wp-content\/uploads\/2018\/09\/89-2011.png",600,600,false],"portfolio_related":["https:\/\/www.umates.com\/wp-content\/uploads\/2018\/09\/89-2011.png",600,600,false],"staff_entry":["https:\/\/www.umates.com\/wp-content\/uploads\/2018\/09\/89-2011.png",600,600,false],"staff_post":["https:\/\/www.umates.com\/wp-content\/uploads\/2018\/09\/89-2011.png",600,600,false],"staff_related":["https:\/\/www.umates.com\/wp-content\/uploads\/2018\/09\/89-2011.png",600,600,false],"testimonials_entry":["https:\/\/www.umates.com\/wp-content\/uploads\/2018\/09\/89-2011.png",600,600,false],"shop_catalog":["https:\/\/www.umates.com\/wp-content\/uploads\/2018\/09\/89-2011.png",600,600,false],"shop_single":["https:\/\/www.umates.com\/wp-content\/uploads\/2018\/09\/89-2011.png",600,600,false],"shop_single_thumbnail":["https:\/\/www.umates.com\/wp-content\/uploads\/2018\/09\/89-2011.png",600,600,false],"shop_category":["https:\/\/www.umates.com\/wp-content\/uploads\/2018\/09\/89-2011.png",600,600,false],"shop_cart":["https:\/\/www.umates.com\/wp-content\/uploads\/2018\/09\/89-2011.png",600,600,false],"gallery":["https:\/\/www.umates.com\/wp-content\/uploads\/2018\/09\/89-2011.png",600,600,false]},"uagb_author_info":{"display_name":"Aries Cayetano","author_link":"https:\/\/www.umates.com\/en\/author\/"},"uagb_comment_info":0,"uagb_excerpt":"Avoid cable rudder: Umates USB printer cable, 1.8 m, automatic winding. Ideal for use in the office or in private homes.","_links":{"self":[{"href":"https:\/\/www.umates.com\/en\/wp-json\/wp\/v2\/product\/2458","targetHints":{"allow":["GET"]}}],"collection":[{"href":"https:\/\/www.umates.com\/en\/wp-json\/wp\/v2\/product"}],"about":[{"href":"https:\/\/www.umates.com\/en\/wp-json\/wp\/v2\/types\/product"}],"wp:featuredmedia":[{"embeddable":true,"href":"https:\/\/www.umates.com\/en\/wp-json\/wp\/v2\/media\/1950"}],"wp:attachment":[{"href":"https:\/\/www.umates.com\/en\/wp-json\/wp\/v2\/media?parent=2458"}],"wp:term":[{"taxonomy":"product_brand","embeddable":true,"href":"https:\/\/www.umates.com\/en\/wp-json\/wp\/v2\/product_brand?post=2458"},{"taxonomy":"product_cat","embeddable":true,"href":"https:\/\/www.umates.com\/en\/wp-json\/wp\/v2\/product_cat?post=2458"},{"taxonomy":"product_tag","embeddable":true,"href":"https:\/\/www.umates.com\/en\/wp-json\/wp\/v2\/product_tag?post=2458"}],"curies":[{"name":"wp","href":"https:\/\/api.w.org\/{rel}","templated":true}]}}