{"id":2463,"date":"2018-10-04T08:39:04","date_gmt":"2018-10-04T08:39:04","guid":{"rendered":"https:\/\/umates.comi\/the-universal-mobile-phone-pouch-cover\/"},"modified":"2019-09-21T15:16:56","modified_gmt":"2019-09-21T15:16:56","slug":"the-universal-mobile-phone-pouch-cover","status":"publish","type":"product","link":"https:\/\/www.umates.com\/en\/i\/the-universal-mobile-phone-pouch-cover\/","title":{"rendered":"The universal mobile phone pouch \/ cover"},"content":{"rendered":"<p>This universal mobile phone pouch fits most mobilephones on the market. The pouch is made of an elastic hardwearing material. The belt clip on the backside of the pouch is specially designed so that it won&#8217;t fall off your belt.<\/p>\n<p><img loading=\"lazy\" decoding=\"async\" class=\"size-full wp-image-372 aligncenter\" src=\"http:\/\/www.umates.com\/wp-content\/uploads\/2018\/09\/man-graphic-icon-news-e14400635812801.png\" alt=\"\" width=\"150\" height=\"150\" \/><\/p>\n<p>NOTE:<br \/>\nEven though the remaining stock are sold at a heavily reduced price, we naturally still provide a lifetime warranty under our normal terms of sale.<\/p>\n","protected":false},"excerpt":{"rendered":"<p>This mobile phone case is made of an elastic material and fits most mobile phones in the market.<\/p>\n","protected":false},"featured_media":1870,"template":"","meta":{"_uag_custom_page_level_css":""},"product_brand":[],"product_cat":[346,348],"product_tag":[],"class_list":{"0":"post-2463","1":"product","2":"type-product","3":"status-publish","4":"has-post-thumbnail","6":"product_cat-it-accessories","7":"product_cat-outlet","8":"pa_main-compartment-1-2","9":"pa_material-description-durable-and-washable-neoprene-easy-to-wipe-off-dirt-2","10":"pa_materiale-neoprene-black","11":"pa_protection-padded-case","12":"pa_room-for-mobile-phone-2","13":"pa_user-friendliness-safe-transport-of-the-mobile-phone","14":"pa_weight-40-gram-2","15":"entry","16":"has-media","18":"first","19":"instock","20":"sale","21":"taxable","22":"shipping-taxable","23":"purchasable","24":"product-type-simple"},"bundled_by":[],"bundle_stock_status":"instock","bundle_stock_quantity":490,"bundle_virtual":false,"bundle_layout":"","bundle_add_to_cart_form_location":"","bundle_editable_in_cart":false,"bundle_sold_individually_context":"","bundle_item_grouping":"","bundle_min_size":"","bundle_max_size":"","bundle_price":[],"bundled_items":[],"bundle_sell_ids":[],"yoast_head":"<!-- This site is optimized with the Yoast SEO Premium plugin v23.7 (Yoast SEO v24.3) - https:\/\/yoast.com\/wordpress\/plugins\/seo\/ -->\n<title>The universal mobile phone pouch \/ cover | Laptop bags and accessories<\/title>\n<meta name=\"robots\" content=\"index, follow, max-snippet:-1, max-image-preview:large, max-video-preview:-1\" \/>\n<link rel=\"canonical\" href=\"https:\/\/www.umates.com\/en\/i\/the-universal-mobile-phone-pouch-cover\/\" \/>\n<meta property=\"og:locale\" content=\"en_US\" \/>\n<meta property=\"og:type\" content=\"article\" \/>\n<meta property=\"og:title\" content=\"The universal mobile phone pouch \/ cover\" \/>\n<meta property=\"og:description\" content=\"This mobile phone case is made of an elastic material and fits most mobile phones in the market.\" \/>\n<meta property=\"og:url\" content=\"https:\/\/www.umates.com\/en\/i\/the-universal-mobile-phone-pouch-cover\/\" \/>\n<meta property=\"og:site_name\" content=\"Laptop bags and accessories\" \/>\n<meta property=\"article:publisher\" content=\"https:\/\/www.facebook.com\/umates.europe\" \/>\n<meta property=\"article:modified_time\" content=\"2019-09-21T15:16:56+00:00\" \/>\n<meta property=\"og:image\" content=\"https:\/\/www.umates.com\/wp-content\/uploads\/2018\/09\/7-020_front1.png\" \/>\n\t<meta property=\"og:image:width\" content=\"600\" \/>\n\t<meta property=\"og:image:height\" content=\"600\" \/>\n\t<meta property=\"og:image:type\" content=\"image\/png\" \/>\n<meta name=\"twitter:card\" content=\"summary_large_image\" \/>\n<meta name=\"twitter:label1\" content=\"Price\" \/>\n\t<meta name=\"twitter:data1\" content=\"&euro;&nbsp;4,00 (ex. tax)\" \/>\n\t<meta name=\"twitter:label2\" content=\"Availability\" \/>\n\t<meta name=\"twitter:data2\" content=\"In stock\" \/>\n<script type=\"application\/ld+json\" class=\"yoast-schema-graph\">{\"@context\":\"https:\/\/schema.org\",\"@graph\":[{\"@type\":\"WebPage\",\"@id\":\"https:\/\/www.umates.com\/en\/i\/the-universal-mobile-phone-pouch-cover\/\",\"url\":\"https:\/\/www.umates.com\/en\/i\/the-universal-mobile-phone-pouch-cover\/\",\"name\":\"The universal mobile phone pouch \/ cover | Laptop bags and accessories\",\"isPartOf\":{\"@id\":\"https:\/\/www.umates.com\/da\/#website\"},\"primaryImageOfPage\":{\"@id\":\"https:\/\/www.umates.com\/en\/i\/the-universal-mobile-phone-pouch-cover\/#primaryimage\"},\"image\":{\"@id\":\"https:\/\/www.umates.com\/en\/i\/the-universal-mobile-phone-pouch-cover\/#primaryimage\"},\"thumbnailUrl\":\"https:\/\/www.umates.com\/wp-content\/uploads\/2018\/09\/7-020_front1.png\",\"datePublished\":\"2018-10-04T08:39:04+00:00\",\"dateModified\":\"2019-09-21T15:16:56+00:00\",\"breadcrumb\":{\"@id\":\"https:\/\/www.umates.com\/en\/i\/the-universal-mobile-phone-pouch-cover\/#breadcrumb\"},\"inLanguage\":\"en-US\",\"potentialAction\":[{\"@type\":\"ReadAction\",\"target\":[\"https:\/\/www.umates.com\/en\/i\/the-universal-mobile-phone-pouch-cover\/\"]}]},{\"@type\":\"ImageObject\",\"inLanguage\":\"en-US\",\"@id\":\"https:\/\/www.umates.com\/en\/i\/the-universal-mobile-phone-pouch-cover\/#primaryimage\",\"url\":\"https:\/\/www.umates.com\/wp-content\/uploads\/2018\/09\/7-020_front1.png\",\"contentUrl\":\"https:\/\/www.umates.com\/wp-content\/uploads\/2018\/09\/7-020_front1.png\",\"width\":600,\"height\":600},{\"@type\":\"BreadcrumbList\",\"@id\":\"https:\/\/www.umates.com\/en\/i\/the-universal-mobile-phone-pouch-cover\/#breadcrumb\",\"itemListElement\":[{\"@type\":\"ListItem\",\"position\":1,\"name\":\"Shop\",\"item\":\"https:\/\/www.umates.com\/en\/shop\/\"},{\"@type\":\"ListItem\",\"position\":2,\"name\":\"The universal mobile phone pouch \/ cover\"}]},{\"@type\":\"WebSite\",\"@id\":\"https:\/\/www.umates.com\/da\/#website\",\"url\":\"https:\/\/www.umates.com\/da\/\",\"name\":\"Kvalitetstilbeh\u00f8r til B\u00e6rbare PC og EV biler\",\"description\":\"K\u00f8b computeretasker, IT rygs\u00e6kke, sleeves og tilbeh\u00f8r hos Umates - Dag-til-Dag levering!\",\"publisher\":{\"@id\":\"https:\/\/www.umates.com\/da\/#organization\"},\"potentialAction\":[{\"@type\":\"SearchAction\",\"target\":{\"@type\":\"EntryPoint\",\"urlTemplate\":\"https:\/\/www.umates.com\/da\/?s={search_term_string}\"},\"query-input\":{\"@type\":\"PropertyValueSpecification\",\"valueRequired\":true,\"valueName\":\"search_term_string\"}}],\"inLanguage\":\"en-US\"},{\"@type\":\"Organization\",\"@id\":\"https:\/\/www.umates.com\/da\/#organization\",\"name\":\"UMATES A\/S\",\"url\":\"https:\/\/www.umates.com\/da\/\",\"logo\":{\"@type\":\"ImageObject\",\"inLanguage\":\"en-US\",\"@id\":\"https:\/\/www.umates.com\/da\/#\/schema\/logo\/image\/\",\"url\":\"https:\/\/www.umates.com\/wp-content\/uploads\/2019\/02\/umates-email-header.png\",\"contentUrl\":\"https:\/\/www.umates.com\/wp-content\/uploads\/2019\/02\/umates-email-header.png\",\"width\":605,\"height\":80,\"caption\":\"UMATES A\/S\"},\"image\":{\"@id\":\"https:\/\/www.umates.com\/da\/#\/schema\/logo\/image\/\"},\"sameAs\":[\"https:\/\/www.facebook.com\/umates.europe\"]}]}<\/script>\n<meta property=\"product:price:amount\" content=\"4.00\" \/>\n<meta property=\"product:price:currency\" content=\"EUR\" \/>\n<meta property=\"og:availability\" content=\"instock\" \/>\n<meta property=\"product:availability\" content=\"instock\" \/>\n<meta property=\"product:retailer_item_id\" content=\"7-020\" \/>\n<meta property=\"product:condition\" content=\"new\" \/>\n<!-- \/ Yoast SEO Premium plugin. -->","yoast_head_json":{"title":"The universal mobile phone pouch \/ cover | Laptop bags and accessories","robots":{"index":"index","follow":"follow","max-snippet":"max-snippet:-1","max-image-preview":"max-image-preview:large","max-video-preview":"max-video-preview:-1"},"canonical":"https:\/\/www.umates.com\/en\/i\/the-universal-mobile-phone-pouch-cover\/","og_locale":"en_US","og_type":"article","og_title":"The universal mobile phone pouch \/ cover","og_description":"This mobile phone case is made of an elastic material and fits most mobile phones in the market.","og_url":"https:\/\/www.umates.com\/en\/i\/the-universal-mobile-phone-pouch-cover\/","og_site_name":"Laptop bags and accessories","article_publisher":"https:\/\/www.facebook.com\/umates.europe","article_modified_time":"2019-09-21T15:16:56+00:00","og_image":[{"width":600,"height":600,"url":"https:\/\/www.umates.com\/wp-content\/uploads\/2018\/09\/7-020_front1.png","type":"image\/png"}],"twitter_card":"summary_large_image","twitter_misc":{"Price":"&euro;&nbsp;4,00 (ex. tax)","Availability":"In stock"},"schema":{"@context":"https:\/\/schema.org","@graph":[{"@type":"WebPage","@id":"https:\/\/www.umates.com\/en\/i\/the-universal-mobile-phone-pouch-cover\/","url":"https:\/\/www.umates.com\/en\/i\/the-universal-mobile-phone-pouch-cover\/","name":"The universal mobile phone pouch \/ cover | Laptop bags and accessories","isPartOf":{"@id":"https:\/\/www.umates.com\/da\/#website"},"primaryImageOfPage":{"@id":"https:\/\/www.umates.com\/en\/i\/the-universal-mobile-phone-pouch-cover\/#primaryimage"},"image":{"@id":"https:\/\/www.umates.com\/en\/i\/the-universal-mobile-phone-pouch-cover\/#primaryimage"},"thumbnailUrl":"https:\/\/www.umates.com\/wp-content\/uploads\/2018\/09\/7-020_front1.png","datePublished":"2018-10-04T08:39:04+00:00","dateModified":"2019-09-21T15:16:56+00:00","breadcrumb":{"@id":"https:\/\/www.umates.com\/en\/i\/the-universal-mobile-phone-pouch-cover\/#breadcrumb"},"inLanguage":"en-US","potentialAction":[{"@type":"ReadAction","target":["https:\/\/www.umates.com\/en\/i\/the-universal-mobile-phone-pouch-cover\/"]}]},{"@type":"ImageObject","inLanguage":"en-US","@id":"https:\/\/www.umates.com\/en\/i\/the-universal-mobile-phone-pouch-cover\/#primaryimage","url":"https:\/\/www.umates.com\/wp-content\/uploads\/2018\/09\/7-020_front1.png","contentUrl":"https:\/\/www.umates.com\/wp-content\/uploads\/2018\/09\/7-020_front1.png","width":600,"height":600},{"@type":"BreadcrumbList","@id":"https:\/\/www.umates.com\/en\/i\/the-universal-mobile-phone-pouch-cover\/#breadcrumb","itemListElement":[{"@type":"ListItem","position":1,"name":"Shop","item":"https:\/\/www.umates.com\/en\/shop\/"},{"@type":"ListItem","position":2,"name":"The universal mobile phone pouch \/ cover"}]},{"@type":"WebSite","@id":"https:\/\/www.umates.com\/da\/#website","url":"https:\/\/www.umates.com\/da\/","name":"Kvalitetstilbeh\u00f8r til B\u00e6rbare PC og EV biler","description":"K\u00f8b computeretasker, IT rygs\u00e6kke, sleeves og tilbeh\u00f8r hos Umates - Dag-til-Dag levering!","publisher":{"@id":"https:\/\/www.umates.com\/da\/#organization"},"potentialAction":[{"@type":"SearchAction","target":{"@type":"EntryPoint","urlTemplate":"https:\/\/www.umates.com\/da\/?s={search_term_string}"},"query-input":{"@type":"PropertyValueSpecification","valueRequired":true,"valueName":"search_term_string"}}],"inLanguage":"en-US"},{"@type":"Organization","@id":"https:\/\/www.umates.com\/da\/#organization","name":"UMATES A\/S","url":"https:\/\/www.umates.com\/da\/","logo":{"@type":"ImageObject","inLanguage":"en-US","@id":"https:\/\/www.umates.com\/da\/#\/schema\/logo\/image\/","url":"https:\/\/www.umates.com\/wp-content\/uploads\/2019\/02\/umates-email-header.png","contentUrl":"https:\/\/www.umates.com\/wp-content\/uploads\/2019\/02\/umates-email-header.png","width":605,"height":80,"caption":"UMATES A\/S"},"image":{"@id":"https:\/\/www.umates.com\/da\/#\/schema\/logo\/image\/"},"sameAs":["https:\/\/www.facebook.com\/umates.europe"]}]},"product_price_amount":"4.00","product_price_currency":"EUR","og_availability":"instock","product_availability":"instock","product_retailer_item_id":"7-020","product_condition":"new"},"uagb_featured_image_src":{"full":["https:\/\/www.umates.com\/wp-content\/uploads\/2018\/09\/7-020_front1.png",600,600,false],"thumbnail":["https:\/\/www.umates.com\/wp-content\/uploads\/2018\/09\/7-020_front1.png",150,150,false],"medium":["https:\/\/www.umates.com\/wp-content\/uploads\/2018\/09\/7-020_front1.png",300,300,false],"medium_large":["https:\/\/www.umates.com\/wp-content\/uploads\/2018\/09\/7-020_front1.png",600,600,false],"large":["https:\/\/www.umates.com\/wp-content\/uploads\/2018\/09\/7-020_front1.png",600,600,false],"1536x1536":["https:\/\/www.umates.com\/wp-content\/uploads\/2018\/09\/7-020_front1.png",600,600,false],"2048x2048":["https:\/\/www.umates.com\/wp-content\/uploads\/2018\/09\/7-020_front1.png",600,600,false],"320w":["https:\/\/www.umates.com\/wp-content\/uploads\/2018\/09\/7-020_front1.png",320,320,false],"480w":["https:\/\/www.umates.com\/wp-content\/uploads\/2018\/09\/7-020_front1.png",480,480,false],"800w":["https:\/\/www.umates.com\/wp-content\/uploads\/2018\/09\/7-020_front1.png",600,600,false],"woocommerce_thumbnail":["https:\/\/www.umates.com\/wp-content\/uploads\/2018\/09\/7-020_front1.png",600,600,false],"woocommerce_single":["https:\/\/www.umates.com\/wp-content\/uploads\/2018\/09\/7-020_front1.png",600,600,false],"woocommerce_gallery_thumbnail":["https:\/\/www.umates.com\/wp-content\/uploads\/2018\/09\/7-020_front1.png",100,100,false],"lightbox":["https:\/\/www.umates.com\/wp-content\/uploads\/2018\/09\/7-020_front1.png",600,600,false],"search_results":["https:\/\/www.umates.com\/wp-content\/uploads\/2018\/09\/7-020_front1-125x125.png",125,125,true],"blog_entry":["https:\/\/www.umates.com\/wp-content\/uploads\/2018\/09\/7-020_front1.png",600,600,false],"blog_post":["https:\/\/www.umates.com\/wp-content\/uploads\/2018\/09\/7-020_front1.png",600,600,false],"blog_post_full":["https:\/\/www.umates.com\/wp-content\/uploads\/2018\/09\/7-020_front1.png",600,600,false],"blog_related":["https:\/\/www.umates.com\/wp-content\/uploads\/2018\/09\/7-020_front1.png",600,600,false],"portfolio_entry":["https:\/\/www.umates.com\/wp-content\/uploads\/2018\/09\/7-020_front1.png",600,600,false],"portfolio_post":["https:\/\/www.umates.com\/wp-content\/uploads\/2018\/09\/7-020_front1.png",600,600,false],"portfolio_related":["https:\/\/www.umates.com\/wp-content\/uploads\/2018\/09\/7-020_front1.png",600,600,false],"staff_entry":["https:\/\/www.umates.com\/wp-content\/uploads\/2018\/09\/7-020_front1.png",600,600,false],"staff_post":["https:\/\/www.umates.com\/wp-content\/uploads\/2018\/09\/7-020_front1.png",600,600,false],"staff_related":["https:\/\/www.umates.com\/wp-content\/uploads\/2018\/09\/7-020_front1.png",600,600,false],"testimonials_entry":["https:\/\/www.umates.com\/wp-content\/uploads\/2018\/09\/7-020_front1.png",600,600,false],"shop_catalog":["https:\/\/www.umates.com\/wp-content\/uploads\/2018\/09\/7-020_front1.png",600,600,false],"shop_single":["https:\/\/www.umates.com\/wp-content\/uploads\/2018\/09\/7-020_front1.png",600,600,false],"shop_single_thumbnail":["https:\/\/www.umates.com\/wp-content\/uploads\/2018\/09\/7-020_front1.png",600,600,false],"shop_category":["https:\/\/www.umates.com\/wp-content\/uploads\/2018\/09\/7-020_front1.png",600,600,false],"shop_cart":["https:\/\/www.umates.com\/wp-content\/uploads\/2018\/09\/7-020_front1.png",600,600,false],"gallery":["https:\/\/www.umates.com\/wp-content\/uploads\/2018\/09\/7-020_front1.png",600,600,false]},"uagb_author_info":{"display_name":"Aries Cayetano","author_link":"https:\/\/www.umates.com\/en\/author\/"},"uagb_comment_info":0,"uagb_excerpt":"This mobile phone case is made of an elastic material and fits most mobile phones in the market.","_links":{"self":[{"href":"https:\/\/www.umates.com\/en\/wp-json\/wp\/v2\/product\/2463","targetHints":{"allow":["GET"]}}],"collection":[{"href":"https:\/\/www.umates.com\/en\/wp-json\/wp\/v2\/product"}],"about":[{"href":"https:\/\/www.umates.com\/en\/wp-json\/wp\/v2\/types\/product"}],"wp:featuredmedia":[{"embeddable":true,"href":"https:\/\/www.umates.com\/en\/wp-json\/wp\/v2\/media\/1870"}],"wp:attachment":[{"href":"https:\/\/www.umates.com\/en\/wp-json\/wp\/v2\/media?parent=2463"}],"wp:term":[{"taxonomy":"product_brand","embeddable":true,"href":"https:\/\/www.umates.com\/en\/wp-json\/wp\/v2\/product_brand?post=2463"},{"taxonomy":"product_cat","embeddable":true,"href":"https:\/\/www.umates.com\/en\/wp-json\/wp\/v2\/product_cat?post=2463"},{"taxonomy":"product_tag","embeddable":true,"href":"https:\/\/www.umates.com\/en\/wp-json\/wp\/v2\/product_tag?post=2463"}],"curies":[{"name":"wp","href":"https:\/\/api.w.org\/{rel}","templated":true}]}}