{"id":2464,"date":"2018-10-04T08:37:09","date_gmt":"2018-10-04T08:37:09","guid":{"rendered":"https:\/\/umates.comi\/etui-pouch\/"},"modified":"2020-02-12T06:46:33","modified_gmt":"2020-02-12T06:46:33","slug":"etui-pouch","status":"publish","type":"product","link":"https:\/\/www.umates.com\/en\/i\/etui-pouch\/","title":{"rendered":"Etui Pouch"},"content":{"rendered":"<p>Umates Options Pouch is a padded pouch with space for your accessories like harddisks, CD\/DVD drive, battery and more.<\/p>\n<p><img loading=\"lazy\" decoding=\"async\" class=\"size-full wp-image-411 aligncenter\" src=\"http:\/\/www.umates.com\/wp-content\/uploads\/2018\/09\/people-graphic-icon-quality-e14400637783221.png\" alt=\"\" width=\"150\" height=\"150\" \/><\/p>\n<p>In the back compartment there is a holder for 3 CDs, the backside contains a business card holder. The pouch is a very practical solution for keeping your accessories organized.<\/p>\n<p>NOTE:<br \/>\nEven though the remaining stock are sold at a heavily reduced price, we naturally still provide a lifetime warranty under our normal terms of sale.<\/p>\n","protected":false},"excerpt":{"rendered":"<p>Padded case for IT accessories with space for the loose accessories such as hard drives, CD \/ DVD drives, battery, and more.<\/p>\n","protected":false},"featured_media":1865,"template":"","meta":{"_uag_custom_page_level_css":""},"product_brand":[],"product_cat":[346,348],"product_tag":[],"class_list":{"0":"post-2464","1":"product","2":"type-product","3":"status-publish","4":"has-post-thumbnail","6":"product_cat-it-accessories","7":"product_cat-outlet","8":"pa_back-pocket-in-the-back-pocket-there-is-a-space-for-3-cds","9":"pa_inner-dimensions-w145-x-d145-x-h2-cm","10":"pa_main-compartment-1-2","11":"pa_material-description-durable-and-washable-neoprene-easy-to-wipe-off-dirt-2","12":"pa_materiale-nylon-teflon-treated","13":"pa_protection-padded-case","14":"pa_room-for-accessories-e-g-hard-drive-cd-dvd-drive-battery","15":"pa_user-friendliness-safe-transportation-of-the-loose-it-accessories","16":"pa_weight-120-gram-2","17":"entry","18":"has-media","20":"first","21":"instock","22":"sale","23":"taxable","24":"shipping-taxable","25":"purchasable","26":"product-type-simple"},"bundled_by":[],"bundle_stock_status":"instock","bundle_stock_quantity":498,"bundle_virtual":false,"bundle_layout":"","bundle_add_to_cart_form_location":"","bundle_editable_in_cart":false,"bundle_sold_individually_context":"","bundle_item_grouping":"","bundle_min_size":"","bundle_max_size":"","bundle_price":[],"bundled_items":[],"bundle_sell_ids":[],"yoast_head":"<!-- This site is optimized with the Yoast SEO Premium plugin v23.7 (Yoast SEO v24.3) - https:\/\/yoast.com\/wordpress\/plugins\/seo\/ -->\n<title>Etui Pouch | Laptop bags and accessories<\/title>\n<meta name=\"robots\" content=\"index, follow, max-snippet:-1, max-image-preview:large, max-video-preview:-1\" \/>\n<link rel=\"canonical\" href=\"https:\/\/www.umates.com\/en\/i\/etui-pouch\/\" \/>\n<meta property=\"og:locale\" content=\"en_US\" \/>\n<meta property=\"og:type\" content=\"article\" \/>\n<meta property=\"og:title\" content=\"Etui Pouch\" \/>\n<meta property=\"og:description\" content=\"Padded case for IT accessories with space for the loose accessories such as hard drives, CD \/ DVD drives, battery, and more.\" \/>\n<meta property=\"og:url\" content=\"https:\/\/www.umates.com\/en\/i\/etui-pouch\/\" \/>\n<meta property=\"og:site_name\" content=\"Laptop bags and accessories\" \/>\n<meta property=\"article:publisher\" content=\"https:\/\/www.facebook.com\/umates.europe\" \/>\n<meta property=\"article:modified_time\" content=\"2020-02-12T06:46:33+00:00\" \/>\n<meta property=\"og:image\" content=\"https:\/\/www.umates.com\/wp-content\/uploads\/2018\/09\/7-019_front1.png\" \/>\n\t<meta property=\"og:image:width\" content=\"600\" \/>\n\t<meta property=\"og:image:height\" content=\"600\" \/>\n\t<meta property=\"og:image:type\" content=\"image\/png\" \/>\n<meta name=\"twitter:card\" content=\"summary_large_image\" \/>\n<meta name=\"twitter:label1\" content=\"Price\" \/>\n\t<meta name=\"twitter:data1\" content=\"&euro;&nbsp;5,00 (ex. tax)\" \/>\n\t<meta name=\"twitter:label2\" content=\"Availability\" \/>\n\t<meta name=\"twitter:data2\" content=\"In stock\" \/>\n<script type=\"application\/ld+json\" class=\"yoast-schema-graph\">{\"@context\":\"https:\/\/schema.org\",\"@graph\":[{\"@type\":\"WebPage\",\"@id\":\"https:\/\/www.umates.com\/en\/i\/etui-pouch\/\",\"url\":\"https:\/\/www.umates.com\/en\/i\/etui-pouch\/\",\"name\":\"Etui Pouch | Laptop bags and accessories\",\"isPartOf\":{\"@id\":\"https:\/\/www.umates.com\/da\/#website\"},\"primaryImageOfPage\":{\"@id\":\"https:\/\/www.umates.com\/en\/i\/etui-pouch\/#primaryimage\"},\"image\":{\"@id\":\"https:\/\/www.umates.com\/en\/i\/etui-pouch\/#primaryimage\"},\"thumbnailUrl\":\"https:\/\/www.umates.com\/wp-content\/uploads\/2018\/09\/7-019_front1.png\",\"datePublished\":\"2018-10-04T08:37:09+00:00\",\"dateModified\":\"2020-02-12T06:46:33+00:00\",\"breadcrumb\":{\"@id\":\"https:\/\/www.umates.com\/en\/i\/etui-pouch\/#breadcrumb\"},\"inLanguage\":\"en-US\",\"potentialAction\":[{\"@type\":\"ReadAction\",\"target\":[\"https:\/\/www.umates.com\/en\/i\/etui-pouch\/\"]}]},{\"@type\":\"ImageObject\",\"inLanguage\":\"en-US\",\"@id\":\"https:\/\/www.umates.com\/en\/i\/etui-pouch\/#primaryimage\",\"url\":\"https:\/\/www.umates.com\/wp-content\/uploads\/2018\/09\/7-019_front1.png\",\"contentUrl\":\"https:\/\/www.umates.com\/wp-content\/uploads\/2018\/09\/7-019_front1.png\",\"width\":600,\"height\":600},{\"@type\":\"BreadcrumbList\",\"@id\":\"https:\/\/www.umates.com\/en\/i\/etui-pouch\/#breadcrumb\",\"itemListElement\":[{\"@type\":\"ListItem\",\"position\":1,\"name\":\"Shop\",\"item\":\"https:\/\/www.umates.com\/en\/shop\/\"},{\"@type\":\"ListItem\",\"position\":2,\"name\":\"Etui Pouch\"}]},{\"@type\":\"WebSite\",\"@id\":\"https:\/\/www.umates.com\/da\/#website\",\"url\":\"https:\/\/www.umates.com\/da\/\",\"name\":\"Kvalitetstilbeh\u00f8r til B\u00e6rbare PC og EV biler\",\"description\":\"K\u00f8b computeretasker, IT rygs\u00e6kke, sleeves og tilbeh\u00f8r hos Umates - Dag-til-Dag levering!\",\"publisher\":{\"@id\":\"https:\/\/www.umates.com\/da\/#organization\"},\"potentialAction\":[{\"@type\":\"SearchAction\",\"target\":{\"@type\":\"EntryPoint\",\"urlTemplate\":\"https:\/\/www.umates.com\/da\/?s={search_term_string}\"},\"query-input\":{\"@type\":\"PropertyValueSpecification\",\"valueRequired\":true,\"valueName\":\"search_term_string\"}}],\"inLanguage\":\"en-US\"},{\"@type\":\"Organization\",\"@id\":\"https:\/\/www.umates.com\/da\/#organization\",\"name\":\"UMATES A\/S\",\"url\":\"https:\/\/www.umates.com\/da\/\",\"logo\":{\"@type\":\"ImageObject\",\"inLanguage\":\"en-US\",\"@id\":\"https:\/\/www.umates.com\/da\/#\/schema\/logo\/image\/\",\"url\":\"https:\/\/www.umates.com\/wp-content\/uploads\/2019\/02\/umates-email-header.png\",\"contentUrl\":\"https:\/\/www.umates.com\/wp-content\/uploads\/2019\/02\/umates-email-header.png\",\"width\":605,\"height\":80,\"caption\":\"UMATES A\/S\"},\"image\":{\"@id\":\"https:\/\/www.umates.com\/da\/#\/schema\/logo\/image\/\"},\"sameAs\":[\"https:\/\/www.facebook.com\/umates.europe\"]}]}<\/script>\n<meta property=\"product:price:amount\" content=\"5.00\" \/>\n<meta property=\"product:price:currency\" content=\"EUR\" \/>\n<meta property=\"og:availability\" content=\"instock\" \/>\n<meta property=\"product:availability\" content=\"instock\" \/>\n<meta property=\"product:retailer_item_id\" content=\"7-019\" \/>\n<meta property=\"product:condition\" content=\"new\" \/>\n<!-- \/ Yoast SEO Premium plugin. -->","yoast_head_json":{"title":"Etui Pouch | Laptop bags and accessories","robots":{"index":"index","follow":"follow","max-snippet":"max-snippet:-1","max-image-preview":"max-image-preview:large","max-video-preview":"max-video-preview:-1"},"canonical":"https:\/\/www.umates.com\/en\/i\/etui-pouch\/","og_locale":"en_US","og_type":"article","og_title":"Etui Pouch","og_description":"Padded case for IT accessories with space for the loose accessories such as hard drives, CD \/ DVD drives, battery, and more.","og_url":"https:\/\/www.umates.com\/en\/i\/etui-pouch\/","og_site_name":"Laptop bags and accessories","article_publisher":"https:\/\/www.facebook.com\/umates.europe","article_modified_time":"2020-02-12T06:46:33+00:00","og_image":[{"width":600,"height":600,"url":"https:\/\/www.umates.com\/wp-content\/uploads\/2018\/09\/7-019_front1.png","type":"image\/png"}],"twitter_card":"summary_large_image","twitter_misc":{"Price":"&euro;&nbsp;5,00 (ex. tax)","Availability":"In stock"},"schema":{"@context":"https:\/\/schema.org","@graph":[{"@type":"WebPage","@id":"https:\/\/www.umates.com\/en\/i\/etui-pouch\/","url":"https:\/\/www.umates.com\/en\/i\/etui-pouch\/","name":"Etui Pouch | Laptop bags and accessories","isPartOf":{"@id":"https:\/\/www.umates.com\/da\/#website"},"primaryImageOfPage":{"@id":"https:\/\/www.umates.com\/en\/i\/etui-pouch\/#primaryimage"},"image":{"@id":"https:\/\/www.umates.com\/en\/i\/etui-pouch\/#primaryimage"},"thumbnailUrl":"https:\/\/www.umates.com\/wp-content\/uploads\/2018\/09\/7-019_front1.png","datePublished":"2018-10-04T08:37:09+00:00","dateModified":"2020-02-12T06:46:33+00:00","breadcrumb":{"@id":"https:\/\/www.umates.com\/en\/i\/etui-pouch\/#breadcrumb"},"inLanguage":"en-US","potentialAction":[{"@type":"ReadAction","target":["https:\/\/www.umates.com\/en\/i\/etui-pouch\/"]}]},{"@type":"ImageObject","inLanguage":"en-US","@id":"https:\/\/www.umates.com\/en\/i\/etui-pouch\/#primaryimage","url":"https:\/\/www.umates.com\/wp-content\/uploads\/2018\/09\/7-019_front1.png","contentUrl":"https:\/\/www.umates.com\/wp-content\/uploads\/2018\/09\/7-019_front1.png","width":600,"height":600},{"@type":"BreadcrumbList","@id":"https:\/\/www.umates.com\/en\/i\/etui-pouch\/#breadcrumb","itemListElement":[{"@type":"ListItem","position":1,"name":"Shop","item":"https:\/\/www.umates.com\/en\/shop\/"},{"@type":"ListItem","position":2,"name":"Etui Pouch"}]},{"@type":"WebSite","@id":"https:\/\/www.umates.com\/da\/#website","url":"https:\/\/www.umates.com\/da\/","name":"Kvalitetstilbeh\u00f8r til B\u00e6rbare PC og EV biler","description":"K\u00f8b computeretasker, IT rygs\u00e6kke, sleeves og tilbeh\u00f8r hos Umates - Dag-til-Dag levering!","publisher":{"@id":"https:\/\/www.umates.com\/da\/#organization"},"potentialAction":[{"@type":"SearchAction","target":{"@type":"EntryPoint","urlTemplate":"https:\/\/www.umates.com\/da\/?s={search_term_string}"},"query-input":{"@type":"PropertyValueSpecification","valueRequired":true,"valueName":"search_term_string"}}],"inLanguage":"en-US"},{"@type":"Organization","@id":"https:\/\/www.umates.com\/da\/#organization","name":"UMATES A\/S","url":"https:\/\/www.umates.com\/da\/","logo":{"@type":"ImageObject","inLanguage":"en-US","@id":"https:\/\/www.umates.com\/da\/#\/schema\/logo\/image\/","url":"https:\/\/www.umates.com\/wp-content\/uploads\/2019\/02\/umates-email-header.png","contentUrl":"https:\/\/www.umates.com\/wp-content\/uploads\/2019\/02\/umates-email-header.png","width":605,"height":80,"caption":"UMATES A\/S"},"image":{"@id":"https:\/\/www.umates.com\/da\/#\/schema\/logo\/image\/"},"sameAs":["https:\/\/www.facebook.com\/umates.europe"]}]},"product_price_amount":"5.00","product_price_currency":"EUR","og_availability":"instock","product_availability":"instock","product_retailer_item_id":"7-019","product_condition":"new"},"uagb_featured_image_src":{"full":["https:\/\/www.umates.com\/wp-content\/uploads\/2018\/09\/7-019_front1.png",600,600,false],"thumbnail":["https:\/\/www.umates.com\/wp-content\/uploads\/2018\/09\/7-019_front1.png",150,150,false],"medium":["https:\/\/www.umates.com\/wp-content\/uploads\/2018\/09\/7-019_front1.png",300,300,false],"medium_large":["https:\/\/www.umates.com\/wp-content\/uploads\/2018\/09\/7-019_front1.png",600,600,false],"large":["https:\/\/www.umates.com\/wp-content\/uploads\/2018\/09\/7-019_front1.png",600,600,false],"1536x1536":["https:\/\/www.umates.com\/wp-content\/uploads\/2018\/09\/7-019_front1.png",600,600,false],"2048x2048":["https:\/\/www.umates.com\/wp-content\/uploads\/2018\/09\/7-019_front1.png",600,600,false],"320w":["https:\/\/www.umates.com\/wp-content\/uploads\/2018\/09\/7-019_front1.png",320,320,false],"480w":["https:\/\/www.umates.com\/wp-content\/uploads\/2018\/09\/7-019_front1.png",480,480,false],"800w":["https:\/\/www.umates.com\/wp-content\/uploads\/2018\/09\/7-019_front1.png",600,600,false],"woocommerce_thumbnail":["https:\/\/www.umates.com\/wp-content\/uploads\/2018\/09\/7-019_front1.png",600,600,false],"woocommerce_single":["https:\/\/www.umates.com\/wp-content\/uploads\/2018\/09\/7-019_front1.png",600,600,false],"woocommerce_gallery_thumbnail":["https:\/\/www.umates.com\/wp-content\/uploads\/2018\/09\/7-019_front1.png",100,100,false],"lightbox":["https:\/\/www.umates.com\/wp-content\/uploads\/2018\/09\/7-019_front1.png",600,600,false],"search_results":["https:\/\/www.umates.com\/wp-content\/uploads\/2018\/09\/7-019_front1-125x125.png",125,125,true],"blog_entry":["https:\/\/www.umates.com\/wp-content\/uploads\/2018\/09\/7-019_front1.png",600,600,false],"blog_post":["https:\/\/www.umates.com\/wp-content\/uploads\/2018\/09\/7-019_front1.png",600,600,false],"blog_post_full":["https:\/\/www.umates.com\/wp-content\/uploads\/2018\/09\/7-019_front1.png",600,600,false],"blog_related":["https:\/\/www.umates.com\/wp-content\/uploads\/2018\/09\/7-019_front1.png",600,600,false],"portfolio_entry":["https:\/\/www.umates.com\/wp-content\/uploads\/2018\/09\/7-019_front1.png",600,600,false],"portfolio_post":["https:\/\/www.umates.com\/wp-content\/uploads\/2018\/09\/7-019_front1.png",600,600,false],"portfolio_related":["https:\/\/www.umates.com\/wp-content\/uploads\/2018\/09\/7-019_front1.png",600,600,false],"staff_entry":["https:\/\/www.umates.com\/wp-content\/uploads\/2018\/09\/7-019_front1.png",600,600,false],"staff_post":["https:\/\/www.umates.com\/wp-content\/uploads\/2018\/09\/7-019_front1.png",600,600,false],"staff_related":["https:\/\/www.umates.com\/wp-content\/uploads\/2018\/09\/7-019_front1.png",600,600,false],"testimonials_entry":["https:\/\/www.umates.com\/wp-content\/uploads\/2018\/09\/7-019_front1.png",600,600,false],"shop_catalog":["https:\/\/www.umates.com\/wp-content\/uploads\/2018\/09\/7-019_front1.png",600,600,false],"shop_single":["https:\/\/www.umates.com\/wp-content\/uploads\/2018\/09\/7-019_front1.png",600,600,false],"shop_single_thumbnail":["https:\/\/www.umates.com\/wp-content\/uploads\/2018\/09\/7-019_front1.png",600,600,false],"shop_category":["https:\/\/www.umates.com\/wp-content\/uploads\/2018\/09\/7-019_front1.png",600,600,false],"shop_cart":["https:\/\/www.umates.com\/wp-content\/uploads\/2018\/09\/7-019_front1.png",600,600,false],"gallery":["https:\/\/www.umates.com\/wp-content\/uploads\/2018\/09\/7-019_front1.png",600,600,false]},"uagb_author_info":{"display_name":"Aries Cayetano","author_link":"https:\/\/www.umates.com\/en\/author\/"},"uagb_comment_info":0,"uagb_excerpt":"Padded case for IT accessories with space for the loose accessories such as hard drives, CD \/ DVD drives, battery, and more.","_links":{"self":[{"href":"https:\/\/www.umates.com\/en\/wp-json\/wp\/v2\/product\/2464","targetHints":{"allow":["GET"]}}],"collection":[{"href":"https:\/\/www.umates.com\/en\/wp-json\/wp\/v2\/product"}],"about":[{"href":"https:\/\/www.umates.com\/en\/wp-json\/wp\/v2\/types\/product"}],"wp:featuredmedia":[{"embeddable":true,"href":"https:\/\/www.umates.com\/en\/wp-json\/wp\/v2\/media\/1865"}],"wp:attachment":[{"href":"https:\/\/www.umates.com\/en\/wp-json\/wp\/v2\/media?parent=2464"}],"wp:term":[{"taxonomy":"product_brand","embeddable":true,"href":"https:\/\/www.umates.com\/en\/wp-json\/wp\/v2\/product_brand?post=2464"},{"taxonomy":"product_cat","embeddable":true,"href":"https:\/\/www.umates.com\/en\/wp-json\/wp\/v2\/product_cat?post=2464"},{"taxonomy":"product_tag","embeddable":true,"href":"https:\/\/www.umates.com\/en\/wp-json\/wp\/v2\/product_tag?post=2464"}],"curies":[{"name":"wp","href":"https:\/\/api.w.org\/{rel}","templated":true}]}}